{"id":20112,"date":"2025-06-17T01:44:49","date_gmt":"2025-06-17T01:44:49","guid":{"rendered":"https:\/\/cancercentertec100.com\/?page_id=20112"},"modified":"2025-06-17T01:45:28","modified_gmt":"2025-06-17T01:45:28","slug":"doctores","status":"publish","type":"page","link":"https:\/\/cancercentertec100.com\/en\/doctores\/","title":{"rendered":"Doctores"},"content":{"rendered":"<div id=\"cmsmasters_row_3ivdtgghbb\" class=\"cmsmasters_row cmsmasters_color_scheme_default cmsmasters_row_top_default cmsmasters_row_bot_default cmsmasters_row_boxed\">\n<div class=\"cmsmasters_row_outer_parent\">\n<div class=\"cmsmasters_row_outer\">\n<div class=\"cmsmasters_row_inner\">\n<div class=\"cmsmasters_row_margin\">\n<div id=\"cmsmasters_column_a8zobqbm98\" class=\"cmsmasters_column one_first\">\n<div class=\"cmsmasters_column_inner\"><\/div><\/div>\n<\/div>\n<\/div>\n<\/div>\n<\/div>\n<\/div>\n<div id=\"cmsmasters_row_7f84ee2983\" class=\"cmsmasters_row cmsmasters_color_scheme_default cmsmasters_row_top_default cmsmasters_row_bot_default cmsmasters_row_boxed\">\n<div class=\"cmsmasters_row_outer_parent\">\n<div class=\"cmsmasters_row_outer\">\n<div class=\"cmsmasters_row_inner\">\n<div class=\"cmsmasters_row_margin\">\n<div id=\"cmsmasters_column_46c1770463\" class=\"cmsmasters_column one_first\">\n<div class=\"cmsmasters_column_inner\"><div class=\"custom_html\">\n<p><script type=\"text\/javascript\" src=\"https:\/\/api.clientify.net\/web-marketing\/superforms\/script\/243275.js\"><\/script><\/p>\n<\/div>\n<div id=\"cmsmasters_button_l6chdbsn9t\" class=\"button_wrap\"><a href=\"https:\/\/cancercentertec100.com\/en\/aviso-privacidad\/\" class=\"cmsmasters_button\"><span>Privacy notice<\/span><\/a><\/div>\n<\/div><\/div>\n<\/div>\n<\/div>\n<\/div>\n<\/div>\n<\/div>\n<div id=\"cmsmasters_row_bfp0apvtnr\" class=\"cmsmasters_row cmsmasters_color_scheme_default cmsmasters_row_top_default cmsmasters_row_bot_default cmsmasters_row_boxed\">\n<div class=\"cmsmasters_row_outer_parent\">\n<div class=\"cmsmasters_row_outer\">\n<div class=\"cmsmasters_row_inner\">\n<div class=\"cmsmasters_row_margin\">\n<div id=\"cmsmasters_column_xb3gfdm9nl\" class=\"cmsmasters_column one_first\">\n<div class=\"cmsmasters_column_inner\"><div id=\"cmsmasters_heading_f1c72kbkah\" class=\"cmsmasters_heading_wrap cmsmasters_heading_align_center\">\n\t<h2 class=\"cmsmasters_heading\">Our location is strategic.<\/h2>\n<\/div><div class=\"cmsmasters_text\">\n<p style=\"text-align: center;\">We make high-quality oncological treatments available to the entire Baj\u00edo region of our country.<\/p>\n<\/div>\n<\/div><\/div>\n<\/div>\n<\/div>\n<\/div>\n<\/div>\n<\/div>\n<div id=\"cmsmasters_row_3c09fe3d81\" class=\"cmsmasters_row cmsmasters_color_scheme_default cmsmasters_row_top_default cmsmasters_row_bot_default cmsmasters_row_fullwidth\">\n<div class=\"cmsmasters_row_outer_parent\">\n<div class=\"cmsmasters_row_outer\">\n<div class=\"cmsmasters_row_inner cmsmasters_row_fullwidth\">\n<div class=\"cmsmasters_row_margin\">\n<div id=\"cmsmasters_column_ca38f5b249\" class=\"cmsmasters_column one_first\">\n<div class=\"cmsmasters_column_inner\"><div class=\"cmsmasters_text\">\n<iframe loading=\"lazy\" style=\"border: 0;\" tabindex=\"0\" src=\"https:\/\/www.google.com\/maps\/embed?pb=!1m18!1m12!1m3!1d14939.755995637654!2d-100.39719662848158!3d20.590548616810832!2m3!1f0!2f0!3f0!3m2!1i1024!2i768!4f13.1!3m3!1m2!1s0x0%3A0x57cd5a2e31e42bc4!2sCancer%20Center%20Tec%20100%20By%20MRC%20International!5e0!3m2!1ses!2smx!4v1588205693799!5m2!1ses!2smx\" width=\"1920\" height=\"550\" frameborder=\"0\" allowfullscreen=\"allowfullscreen\" aria-hidden=\"false\"><\/iframe>\n<\/div>\n<\/div><\/div>\n<\/div>\n<\/div>\n<\/div>\n<\/div>\n<\/div>","protected":false},"excerpt":{"rendered":"","protected":false},"author":1,"featured_media":0,"parent":0,"menu_order":0,"comment_status":"closed","ping_status":"closed","template":"","meta":{"footnotes":""},"class_list":["post-20112","page","type-page","status-publish","hentry"],"yoast_head":"<!-- This site is optimized with the Yoast SEO plugin v27.3 - https:\/\/yoast.com\/product\/yoast-seo-wordpress\/ -->\n<title>Doctores &#187; CANCER CENTER TEC 100<\/title>\n<meta name=\"description\" content=\"Si buscas una segunda opini\u00f3n de tu diagn\u00f3stico ac\u00e9rcate con nosotros sin ning\u00fan costo.Para mayor informaci\u00f3n cont\u00e1ctanos, tenemos distintas opciones de contacto, elije la que te sea m\u00e1s c\u00f3moda.\" \/>\n<meta name=\"robots\" content=\"index, follow, max-snippet:-1, max-image-preview:large, max-video-preview:-1\" \/>\n<link rel=\"canonical\" href=\"https:\/\/cancercentertec100.com\/en\/doctores\/\" \/>\n<meta property=\"og:locale\" content=\"en_US\" \/>\n<meta property=\"og:type\" content=\"article\" \/>\n<meta property=\"og:title\" content=\"Doctores &#187; CANCER CENTER TEC 100\" \/>\n<meta property=\"og:description\" content=\"Si buscas una segunda opini\u00f3n de tu diagn\u00f3stico ac\u00e9rcate con nosotros sin ning\u00fan costo.Para mayor informaci\u00f3n cont\u00e1ctanos, tenemos distintas opciones de contacto, elije la que te sea m\u00e1s c\u00f3moda.\" \/>\n<meta property=\"og:url\" content=\"https:\/\/cancercentertec100.com\/en\/doctores\/\" \/>\n<meta property=\"og:site_name\" content=\"CANCER CENTER TEC 100\" \/>\n<meta property=\"article:publisher\" content=\"https:\/\/www.facebook.com\/CancerCenterTec100\" \/>\n<meta property=\"article:modified_time\" content=\"2025-06-17T01:45:28+00:00\" \/>\n<meta property=\"og:image\" content=\"https:\/\/cancercentertec100.com\/wp-content\/uploads\/2025\/06\/LOGO-CCT-1.jpg\" \/>\n\t<meta property=\"og:image:width\" content=\"400\" \/>\n\t<meta property=\"og:image:height\" content=\"216\" \/>\n\t<meta property=\"og:image:type\" content=\"image\/jpeg\" \/>\n<meta name=\"twitter:card\" content=\"summary_large_image\" \/>\n<meta name=\"twitter:label1\" content=\"Est. reading time\" \/>\n\t<meta name=\"twitter:data1\" content=\"3 minutes\" \/>\n<script type=\"application\/ld+json\" class=\"yoast-schema-graph\">{\"@context\":\"https:\\\/\\\/schema.org\",\"@graph\":[{\"@type\":\"WebPage\",\"@id\":\"https:\\\/\\\/cancercentertec100.com\\\/doctores\\\/\",\"url\":\"https:\\\/\\\/cancercentertec100.com\\\/doctores\\\/\",\"name\":\"Doctores &#187; CANCER CENTER TEC 100\",\"isPartOf\":{\"@id\":\"https:\\\/\\\/cancercentertec100.com\\\/#website\"},\"datePublished\":\"2025-06-17T01:44:49+00:00\",\"dateModified\":\"2025-06-17T01:45:28+00:00\",\"description\":\"Si buscas una segunda opini\u00f3n de tu diagn\u00f3stico ac\u00e9rcate con nosotros sin ning\u00fan costo.Para mayor informaci\u00f3n cont\u00e1ctanos, tenemos distintas opciones de contacto, elije la que te sea m\u00e1s c\u00f3moda.\",\"breadcrumb\":{\"@id\":\"https:\\\/\\\/cancercentertec100.com\\\/doctores\\\/#breadcrumb\"},\"inLanguage\":\"en-US\",\"potentialAction\":[{\"@type\":\"ReadAction\",\"target\":[\"https:\\\/\\\/cancercentertec100.com\\\/doctores\\\/\"]}]},{\"@type\":\"BreadcrumbList\",\"@id\":\"https:\\\/\\\/cancercentertec100.com\\\/doctores\\\/#breadcrumb\",\"itemListElement\":[{\"@type\":\"ListItem\",\"position\":1,\"name\":\"Home\",\"item\":\"https:\\\/\\\/cancercentertec100.com\\\/\"},{\"@type\":\"ListItem\",\"position\":2,\"name\":\"Doctores\"}]},{\"@type\":\"WebSite\",\"@id\":\"https:\\\/\\\/cancercentertec100.com\\\/#website\",\"url\":\"https:\\\/\\\/cancercentertec100.com\\\/\",\"name\":\"CANCER CENTER TEC 100\",\"description\":\"Tu mejor opci\u00f3n para el tratamiento del c\u00e1ncer.\",\"publisher\":{\"@id\":\"https:\\\/\\\/cancercentertec100.com\\\/#organization\"},\"potentialAction\":[{\"@type\":\"SearchAction\",\"target\":{\"@type\":\"EntryPoint\",\"urlTemplate\":\"https:\\\/\\\/cancercentertec100.com\\\/?s={search_term_string}\"},\"query-input\":{\"@type\":\"PropertyValueSpecification\",\"valueRequired\":true,\"valueName\":\"search_term_string\"}}],\"inLanguage\":\"en-US\"},{\"@type\":\"Organization\",\"@id\":\"https:\\\/\\\/cancercentertec100.com\\\/#organization\",\"name\":\"CANCER CENTER TEC 100\",\"url\":\"https:\\\/\\\/cancercentertec100.com\\\/\",\"logo\":{\"@type\":\"ImageObject\",\"inLanguage\":\"en-US\",\"@id\":\"https:\\\/\\\/cancercentertec100.com\\\/#\\\/schema\\\/logo\\\/image\\\/\",\"url\":\"https:\\\/\\\/cancercentertec100.com\\\/wp-content\\\/uploads\\\/2024\\\/03\\\/LOGO-CCT-01.png\",\"contentUrl\":\"https:\\\/\\\/cancercentertec100.com\\\/wp-content\\\/uploads\\\/2024\\\/03\\\/LOGO-CCT-01.png\",\"width\":3703,\"height\":2062,\"caption\":\"CANCER CENTER TEC 100\"},\"image\":{\"@id\":\"https:\\\/\\\/cancercentertec100.com\\\/#\\\/schema\\\/logo\\\/image\\\/\"},\"sameAs\":[\"https:\\\/\\\/www.facebook.com\\\/CancerCenterTec100\",\"https:\\\/\\\/www.instagram.com\\\/cancercentertec100\\\/\",\"https:\\\/\\\/www.youtube.com\\\/channel\\\/UCYadf0oSR1BKrlNYqWq2PvQ\",\"https:\\\/\\\/www.linkedin.com\\\/company\\\/cancer-center-tec-100\"]}]}<\/script>\n<!-- \/ Yoast SEO plugin. -->","yoast_head_json":{"title":"Doctores &#187; CANCER CENTER TEC 100","description":"Si buscas una segunda opini\u00f3n de tu diagn\u00f3stico ac\u00e9rcate con nosotros sin ning\u00fan costo.Para mayor informaci\u00f3n cont\u00e1ctanos, tenemos distintas opciones de contacto, elije la que te sea m\u00e1s c\u00f3moda.","robots":{"index":"index","follow":"follow","max-snippet":"max-snippet:-1","max-image-preview":"max-image-preview:large","max-video-preview":"max-video-preview:-1"},"canonical":"https:\/\/cancercentertec100.com\/en\/doctores\/","og_locale":"en_US","og_type":"article","og_title":"Doctores &#187; CANCER CENTER TEC 100","og_description":"Si buscas una segunda opini\u00f3n de tu diagn\u00f3stico ac\u00e9rcate con nosotros sin ning\u00fan costo.Para mayor informaci\u00f3n cont\u00e1ctanos, tenemos distintas opciones de contacto, elije la que te sea m\u00e1s c\u00f3moda.","og_url":"https:\/\/cancercentertec100.com\/en\/doctores\/","og_site_name":"CANCER CENTER TEC 100","article_publisher":"https:\/\/www.facebook.com\/CancerCenterTec100","article_modified_time":"2025-06-17T01:45:28+00:00","og_image":[{"width":400,"height":216,"url":"https:\/\/cancercentertec100.com\/wp-content\/uploads\/2025\/06\/LOGO-CCT-1.jpg","type":"image\/jpeg"}],"twitter_card":"summary_large_image","twitter_misc":{"Est. reading time":"3 minutes"},"schema":{"@context":"https:\/\/schema.org","@graph":[{"@type":"WebPage","@id":"https:\/\/cancercentertec100.com\/doctores\/","url":"https:\/\/cancercentertec100.com\/doctores\/","name":"Doctores &#187; CANCER CENTER TEC 100","isPartOf":{"@id":"https:\/\/cancercentertec100.com\/#website"},"datePublished":"2025-06-17T01:44:49+00:00","dateModified":"2025-06-17T01:45:28+00:00","description":"Si buscas una segunda opini\u00f3n de tu diagn\u00f3stico ac\u00e9rcate con nosotros sin ning\u00fan costo.Para mayor informaci\u00f3n cont\u00e1ctanos, tenemos distintas opciones de contacto, elije la que te sea m\u00e1s c\u00f3moda.","breadcrumb":{"@id":"https:\/\/cancercentertec100.com\/doctores\/#breadcrumb"},"inLanguage":"en-US","potentialAction":[{"@type":"ReadAction","target":["https:\/\/cancercentertec100.com\/doctores\/"]}]},{"@type":"BreadcrumbList","@id":"https:\/\/cancercentertec100.com\/doctores\/#breadcrumb","itemListElement":[{"@type":"ListItem","position":1,"name":"Home","item":"https:\/\/cancercentertec100.com\/"},{"@type":"ListItem","position":2,"name":"Doctores"}]},{"@type":"WebSite","@id":"https:\/\/cancercentertec100.com\/#website","url":"https:\/\/cancercentertec100.com\/","name":"CANCER CENTER TEC 100","description":"Your best option for cancer treatment","publisher":{"@id":"https:\/\/cancercentertec100.com\/#organization"},"potentialAction":[{"@type":"SearchAction","target":{"@type":"EntryPoint","urlTemplate":"https:\/\/cancercentertec100.com\/?s={search_term_string}"},"query-input":{"@type":"PropertyValueSpecification","valueRequired":true,"valueName":"search_term_string"}}],"inLanguage":"en-US"},{"@type":"Organization","@id":"https:\/\/cancercentertec100.com\/#organization","name":"CANCER CENTER TEC 100","url":"https:\/\/cancercentertec100.com\/","logo":{"@type":"ImageObject","inLanguage":"en-US","@id":"https:\/\/cancercentertec100.com\/#\/schema\/logo\/image\/","url":"https:\/\/cancercentertec100.com\/wp-content\/uploads\/2024\/03\/LOGO-CCT-01.png","contentUrl":"https:\/\/cancercentertec100.com\/wp-content\/uploads\/2024\/03\/LOGO-CCT-01.png","width":3703,"height":2062,"caption":"CANCER CENTER TEC 100"},"image":{"@id":"https:\/\/cancercentertec100.com\/#\/schema\/logo\/image\/"},"sameAs":["https:\/\/www.facebook.com\/CancerCenterTec100","https:\/\/www.instagram.com\/cancercentertec100\/","https:\/\/www.youtube.com\/channel\/UCYadf0oSR1BKrlNYqWq2PvQ","https:\/\/www.linkedin.com\/company\/cancer-center-tec-100"]}]}},"_links":{"self":[{"href":"https:\/\/cancercentertec100.com\/en\/wp-json\/wp\/v2\/pages\/20112","targetHints":{"allow":["GET"]}}],"collection":[{"href":"https:\/\/cancercentertec100.com\/en\/wp-json\/wp\/v2\/pages"}],"about":[{"href":"https:\/\/cancercentertec100.com\/en\/wp-json\/wp\/v2\/types\/page"}],"author":[{"embeddable":true,"href":"https:\/\/cancercentertec100.com\/en\/wp-json\/wp\/v2\/users\/1"}],"replies":[{"embeddable":true,"href":"https:\/\/cancercentertec100.com\/en\/wp-json\/wp\/v2\/comments?post=20112"}],"version-history":[{"count":2,"href":"https:\/\/cancercentertec100.com\/en\/wp-json\/wp\/v2\/pages\/20112\/revisions"}],"predecessor-version":[{"id":20114,"href":"https:\/\/cancercentertec100.com\/en\/wp-json\/wp\/v2\/pages\/20112\/revisions\/20114"}],"wp:attachment":[{"href":"https:\/\/cancercentertec100.com\/en\/wp-json\/wp\/v2\/media?parent=20112"}],"curies":[{"name":"wp","href":"https:\/\/api.w.org\/{rel}","templated":true}]}}