{"id":19594,"date":"2024-05-23T04:51:15","date_gmt":"2024-05-23T04:51:15","guid":{"rendered":"https:\/\/cancercentertec100.com\/?page_id=19594"},"modified":"2024-11-13T22:05:54","modified_gmt":"2024-11-13T22:05:54","slug":"cm-cirugia-ganglios-linfaticos","status":"publish","type":"page","link":"https:\/\/cancercentertec100.com\/en\/cm-cirugia-ganglios-linfaticos\/","title":{"rendered":"CM \u2013 SURGERY OF LYMPH NODES FOR BREAST CANCER"},"content":{"rendered":"<div id=\"cmsmasters_row_4a3uxz0tr9\" class=\"cmsmasters_row cmsmasters_color_scheme_default cmsmasters_row_top_default cmsmasters_row_bot_default cmsmasters_row_boxed\">\n<div class=\"cmsmasters_row_outer_parent\">\n<div class=\"cmsmasters_row_outer\">\n<div class=\"cmsmasters_row_inner\">\n<div class=\"cmsmasters_row_margin\">\n<div id=\"cmsmasters_column_jcz8x4cecc\" class=\"cmsmasters_column one_first\">\n<div class=\"cmsmasters_column_inner\"><div class=\"cmsmasters_text\">\n<h3><span style=\"color: #cf628c;\">LYMPH NODE SURGERY FOR BREAST CANCER<\/span><\/h3>\n<div id=\"cmsmasters_row_pu47j30pz\" class=\"cmsmasters_row cmsmasters_color_scheme_default cmsmasters_row_top_default cmsmasters_row_bot_default cmsmasters_row_boxed\">\n<div class=\"cmsmasters_row_outer_parent\">\n<div class=\"cmsmasters_row_outer\">\n<div class=\"cmsmasters_row_inner\">\n<div class=\"cmsmasters_row_margin cmsmasters_3414\">\n<div id=\"cmsmasters_column_xazz005a87\" class=\"cmsmasters_column three_fourth one_first\" data-width=\"1\/1\">\n<div class=\"cmsmasters_column_inner\">\n<div class=\"cmsmasters_text\">\n<p>If breast cancer spreads, it usually first passes to the lymph nodes of the armpit. Sometimes, it may also spread to the lymph nodes near the collarbone or near the sternum. To know if the cancer has spread to your lymph nodes helps your doctors figure out the best way to treat your cancer. To help determine if the cancer has spread to the lymph nodes of the armpit, are extracted one or more lymph nodes and examined in the department of pathology. If the lymph nodes contain cancer cells, there is a greater likelihood that the cancer cells have also spread to other parts of the body. In these patients, in most cases, complete the surgery with a radical dissection of the axilla (excision of all lymph nodes in the armpit). The removal of the lymph nodes can be performed in different ways, depending on whether the lymph nodes are affected, the tumor size of breast and other factors.<\/p>\n<p>&nbsp;<\/p>\n<p><span style=\"color: #ff99cc;\"><strong>BIOPSY OF A LYMPH NODE SUSPICIOUS<\/strong><\/span><\/p>\n<p>If any of the axillary lymph looks suspicious, it will be necessary to take a biopsy of these and examine them in search of cancer. This is done either by means of a fine needle aspiration (FNA) or a core needle biopsy.<\/p>\n<p>&nbsp;<\/p>\n<p><span style=\"color: #ff99cc;\"><strong>TYPES OF SURGERY OF LYMPH NODES<\/strong><\/span><\/p>\n<p>Even if the axillary lymph nodes are not affected, you will still need to review them to see if they have cancer. This can be done in two different ways:<\/p>\n<ul>\n<li>Biopsy of the sentinel lymph node, which is the most common and least invasive.<\/li>\n<li>In some cases it may be necessary a radical dissection of the axilla.<\/li>\n<\/ul>\n<p>The surgery of lymph nodes is often performed as part of the major surgery to remove the breast cancer, but in some cases it can be performed as a separate operation.<\/p>\n<p>&nbsp;<\/p>\n<p><span style=\"color: #ff99cc;\"><strong>SENTINAL LYMPH NODE BIOPSY<\/strong><\/span><\/p>\n<p>In a sentinal lymph node biopsy, the surgeon finds and removes the first lymph nodes to which it is likely to spread a tumor (so-called sentinel lymph nodes). To do this, the surgeon injects a radioactive substance, a green dye and\/or a blue dye in the tumor or around the areola. The lymph vessels carry these substances by the same way that it would probably take the cancer. The first lymph nodes to which you travel the dye or radioactive substance will be the sentinel lymph nodes.<\/p>\n<p>Once you have injected the substance, the sentinel lymph nodes can be found using a special machine to detect radioactivity in the lymph nodes, or looking for the lymph nodes that have become blue. The most effective and secure way is to use both methods. The surgeon cuts through the skin over the area and removed the lymph nodes that contain the dye and\/or radioactivity. A pathologist then examines closely the few lymph nodes excised in search of cancer cells. This is done during the surgery. Because there is the possibility that other nodes in the same area also have cancer if cancer is found in the sentinel lymph nodes, the surgeon may proceed with a full axillary dissection (radical dissection of axilla) to remove more lymph nodes while you are still on the operating table. If there are cancer cells in the lymph nodes at the time of the surgery, it will not be necessary to perform the more extensive operation (radical dissection of axilla). If it is subsequently found cancer in the lymph node (s) sentinel, the surgeon may recommend a radical dissection of axilla complete at a later time. However, studies have shown that, in some cases, it may be safe to leave behind the rest of the lymph nodes.<\/p>\n<p>If there is no cancer in the lymph node (s) sentinel, it is very unlikely that the cancer has spread to other lymph nodes, so that you do not need any more surgeries of lymph nodes. The sentinel lymph node biopsy is often considered for women with breast cancer in initial stage and, in general, is not an option for women with inflammatory breast cancer.<\/p>\n<p>&nbsp;<\/p>\n<p><span style=\"color: #ff99cc;\"><strong>RADICAL DISSECTION OF AXILLA<\/strong><\/span><\/p>\n<p>In this procedure, it is removed between 10 and 40 (although usually less than 20) lymph nodes of the armpit and reviewed to detect the spread of cancer. Usually done at the same time as a mastectomy or conservative surgery of the breast, but can be performed in a second operation.<\/p>\n<ul>\n<li>It is possible that you need a radical dissection of axilla:<\/li>\n<li>If a sentinel lymph node biopsy earlier showed that 3 or more of the lymph nodes of the armpits have cancer cells.<\/li>\n<li>If you can feel the lymph nodes of the axilla prior to surgery or can be seen on imaging tests and a biopsy shows cancer.<\/li>\n<li>If the cancer has grown large enough to extend outside of the lymph nodes<\/li>\n<li>If the sentinel lymph node biopsy is positive for cancer cells after being administered chemotherapy to shrink the tumor before surgery.<\/li>\n<\/ul>\n<p>&nbsp;<\/p>\n<p><span style=\"color: #ff99cc;\"><strong>SIDE EFFECTS OF THE SURGERY OF LYMPH NODES<\/strong><\/span><\/p>\n<p>After the surgery, the lymph nodes, it is possible to be pain, swelling, bleeding, blood clots, and infection. Lymphedema as A possible long-term effect of the surgery of the lymph nodes is the swelling in the arm or the chest called lymphedema. Because any excess of fluid in the arms normally returns to the bloodstream through the lymphatic system, the removal of the lymph nodes sometimes blocks the drainage of the arm, which causes the fluid to accumulate. Lymphedema is less common after a sentinel lymph node biopsy. It is believed that the risk is between 5% to 17% in women who have a sentinel lymph node biopsy, and about 20% to 30% in women who have a radical dissection of the axilla. It may be more common if administered radiation after surgery or in obese women. Sometimes, the swelling only lasts for a few weeks and then disappears. But in some women, it lasts for a long time. If your arm is swollen, tight or painful after the surgery of the lymph nodes, be sure to inform your doctor against immediately. Limited movement of the arms and shoulders. You can also have limited movement in the arm and shoulder after surgery. This is more common after radical dissection of axilla that of a sentinel lymph node biopsy. Your doctor may recommend physical therapy to perform exercises that will help you to avoid permanent problems (frozen shoulder). Some women notice a similar structure to a string that starts under the arm and can extend toward the elbow. This is sometimes called syndrome of the membrane, axillary cord or lymphatic. It is more common after a radical dissection of axilla that of a sentinel lymph node biopsy. It is possible that the symptoms appear after weeks or even months after the surgery. It can cause pain and limit the movement of the arm and the shoulder. This often goes away without treatment, although some women may find it useful to physiotherapy. Numbness numbness of the skin in the upper and inner arm is a common side effect because the nerve that controls sensation here travels through the area of the lymph nodes.<\/p>\n<p>The treatment of the axilla in breast cancer is essential to obtain adequate control of the disease. Advances in medicine have allowed us to get increasingly better results with less invasive treatments.<\/p>\n<\/div>\n<\/div>\n<\/div>\n<\/div>\n<\/div>\n<\/div>\n<\/div>\n<\/div>\n<\/div>\n<div id=\"cmsmasters_button_jikrkhy6i\" class=\"button_wrap\"><a href=\"https:\/\/cancercentertec100.com\/en\/clinica-cancer-mama\/\" class=\"cmsmasters_button\"><span>Return<\/span><\/a><\/div>\n<\/div><\/div>\n<div id=\"cmsmasters_column_\" class=\"cmsmasters_column one_first\">\n<div class=\"cmsmasters_column_inner\"><\/div><\/div>\n<div id=\"cmsmasters_column_\" class=\"cmsmasters_column one_first\">\n<div class=\"cmsmasters_column_inner\"><\/div><\/div>\n<div id=\"cmsmasters_column_\" class=\"cmsmasters_column one_first\">\n<div class=\"cmsmasters_column_inner\"><\/div><\/div>\n<div id=\"cmsmasters_column_\" class=\"cmsmasters_column one_first\">\n<div class=\"cmsmasters_column_inner\"><\/div><\/div>\n<div id=\"cmsmasters_column_\" class=\"cmsmasters_column one_first\">\n<div class=\"cmsmasters_column_inner\"><\/div><\/div>\n<div id=\"cmsmasters_column_\" class=\"cmsmasters_column one_first\">\n<div class=\"cmsmasters_column_inner\"><\/div><\/div>\n<\/div>\n<\/div>\n<\/div>\n<\/div>\n<\/div>\n<div id=\"cmsmasters_row_64ba008150\" class=\"cmsmasters_row cmsmasters_color_scheme_default cmsmasters_row_top_default cmsmasters_row_bot_default cmsmasters_row_boxed\">\n<div class=\"cmsmasters_row_outer_parent\">\n<div class=\"cmsmasters_row_outer\">\n<div class=\"cmsmasters_row_inner\">\n<div class=\"cmsmasters_row_margin\">\n<div id=\"cmsmasters_column_142893fd0d\" class=\"cmsmasters_column one_first\">\n<div class=\"cmsmasters_column_inner\">\n<div id=\"cmsmasters_divider_b3481ca122\" class=\"cmsmasters_divider cmsmasters_divider_width_long cmsmasters_divider_pos_center\"><\/div>\n<div id=\"cmsmasters_heading_0ce35f52c8\" class=\"cmsmasters_heading_wrap cmsmasters_heading_align_left\">\n\t<h2 class=\"cmsmasters_heading\">Book your Appointment<\/h2>\n<\/div>\n<div id=\"cmsmasters_divider_kvylvvf1fm\" class=\"cl\"><\/div>\n<div id=\"cmsmasters_button_9acg3w54fd\" class=\"button_wrap\"><a href=\"https:\/\/wa.me\/524423339943\" class=\"cmsmasters_button cmsmasters-icon-whatsapp\" target=\"_blank\"><span>SCHEDULE<\/span><\/a><\/div>\n<\/div><\/div>\n<\/div>\n<\/div>\n<\/div>\n<\/div>\n<\/div>\n<div id=\"cmsmasters_row_5itddrymgp\" class=\"cmsmasters_row cmsmasters_color_scheme_default cmsmasters_row_top_default cmsmasters_row_bot_default cmsmasters_row_boxed\">\n<div class=\"cmsmasters_row_outer_parent\">\n<div class=\"cmsmasters_row_outer\">\n<div class=\"cmsmasters_row_inner\">\n<div class=\"cmsmasters_row_margin\">\n<div id=\"cmsmasters_column_t2vnork44l\" class=\"cmsmasters_column one_first\">\n<div class=\"cmsmasters_column_inner\"><div class=\"cmsmasters_text\">\n<p><img loading=\"lazy\" decoding=\"async\" class=\"alignnone size-full wp-image-16926\" src=\"https:\/\/cancercentertec100.com\/wp-content\/uploads\/2021\/08\/BUTTOM-CM.jpg\" alt=\"\" width=\"1728\" height=\"450\" srcset=\"https:\/\/cancercentertec100.com\/wp-content\/uploads\/2021\/08\/BUTTOM-CM.jpg 1728w, https:\/\/cancercentertec100.com\/wp-content\/uploads\/2021\/08\/BUTTOM-CM-300x78.jpg 300w, https:\/\/cancercentertec100.com\/wp-content\/uploads\/2021\/08\/BUTTOM-CM-1024x267.jpg 1024w, https:\/\/cancercentertec100.com\/wp-content\/uploads\/2021\/08\/BUTTOM-CM-768x200.jpg 768w, https:\/\/cancercentertec100.com\/wp-content\/uploads\/2021\/08\/BUTTOM-CM-1536x400.jpg 1536w, https:\/\/cancercentertec100.com\/wp-content\/uploads\/2021\/08\/BUTTOM-CM-580x151.jpg 580w, https:\/\/cancercentertec100.com\/wp-content\/uploads\/2021\/08\/BUTTOM-CM-860x224.jpg 860w, https:\/\/cancercentertec100.com\/wp-content\/uploads\/2021\/08\/BUTTOM-CM-1160x302.jpg 1160w, https:\/\/cancercentertec100.com\/wp-content\/uploads\/2021\/08\/BUTTOM-CM-1320x344.jpg 1320w\" sizes=\"auto, (max-width: 1728px) 100vw, 1728px\" \/><\/p>\n<\/div>\n<\/div><\/div>\n<\/div>\n<\/div>\n<\/div>\n<\/div>\n<\/div>\n<div id=\"cmsmasters_row_6rszdnwjnw\" class=\"cmsmasters_row cmsmasters_color_scheme_default cmsmasters_row_top_default cmsmasters_row_bot_default cmsmasters_row_boxed\">\n<div class=\"cmsmasters_row_outer_parent\">\n<div class=\"cmsmasters_row_outer\">\n<div class=\"cmsmasters_row_inner\">\n<div class=\"cmsmasters_row_margin\">\n<div id=\"cmsmasters_column_yaru71fi1\" class=\"cmsmasters_column one_fourth\">\n<div class=\"cmsmasters_column_inner\"><\/div><\/div>\n<div id=\"cmsmasters_column_o1rson652f\" class=\"cmsmasters_column one_half\">\n<div class=\"cmsmasters_column_inner\"><div class=\"cmsmasters_img  cmsmasters_image_n\"><a href=\"https:\/\/mr-centers.com\/\" target=\"_blank\"><img decoding=\"async\" src=\"https:\/\/cancercentertec100.com\/wp-content\/uploads\/2024\/10\/logo-Center-of-excellence.png\" \/><\/a><\/div>\n<\/div><\/div>\n<div id=\"cmsmasters_column_v7z5k1we28\" class=\"cmsmasters_column one_fourth\">\n<div class=\"cmsmasters_column_inner\"><\/div><\/div>\n<\/div>\n<\/div>\n<\/div>\n<\/div>\n<\/div>","protected":false},"excerpt":{"rendered":"","protected":false},"author":1,"featured_media":0,"parent":0,"menu_order":0,"comment_status":"closed","ping_status":"closed","template":"","meta":{"footnotes":""},"class_list":["post-19594","page","type-page","status-publish","hentry"],"yoast_head":"<!-- This site is optimized with the Yoast SEO plugin v27.3 - https:\/\/yoast.com\/product\/yoast-seo-wordpress\/ -->\n<title>CM - CIRUG\u00cdA DE GANGLIOS LINF\u00c1TICOS PARA EL C\u00c1NCER DE MAMA &#187; CANCER CENTER TEC 100<\/title>\n<meta name=\"robots\" content=\"index, follow, max-snippet:-1, max-image-preview:large, max-video-preview:-1\" \/>\n<link rel=\"canonical\" href=\"https:\/\/cancercentertec100.com\/en\/cm-cirugia-ganglios-linfaticos\/\" \/>\n<meta property=\"og:locale\" content=\"en_US\" \/>\n<meta property=\"og:type\" content=\"article\" \/>\n<meta property=\"og:title\" content=\"CM - CIRUG\u00cdA DE GANGLIOS LINF\u00c1TICOS PARA EL C\u00c1NCER DE MAMA &#187; CANCER CENTER TEC 100\" \/>\n<meta property=\"og:url\" content=\"https:\/\/cancercentertec100.com\/en\/cm-cirugia-ganglios-linfaticos\/\" \/>\n<meta property=\"og:site_name\" content=\"CANCER CENTER TEC 100\" \/>\n<meta property=\"article:publisher\" content=\"https:\/\/www.facebook.com\/CancerCenterTec100\" \/>\n<meta property=\"article:modified_time\" content=\"2024-11-13T22:05:54+00:00\" \/>\n<meta property=\"og:image\" content=\"https:\/\/cancercentertec100.com\/wp-content\/uploads\/2021\/08\/BUTTOM-CM.jpg\" \/>\n<meta name=\"twitter:card\" content=\"summary_large_image\" \/>\n<meta name=\"twitter:label1\" content=\"Est. reading time\" \/>\n\t<meta name=\"twitter:data1\" content=\"4 minutes\" \/>\n<script type=\"application\/ld+json\" class=\"yoast-schema-graph\">{\"@context\":\"https:\\\/\\\/schema.org\",\"@graph\":[{\"@type\":\"WebPage\",\"@id\":\"https:\\\/\\\/cancercentertec100.com\\\/cm-cirugia-ganglios-linfaticos\\\/\",\"url\":\"https:\\\/\\\/cancercentertec100.com\\\/cm-cirugia-ganglios-linfaticos\\\/\",\"name\":\"CM - CIRUG\u00cdA DE GANGLIOS LINF\u00c1TICOS PARA EL C\u00c1NCER DE MAMA &#187; CANCER CENTER TEC 100\",\"isPartOf\":{\"@id\":\"https:\\\/\\\/cancercentertec100.com\\\/#website\"},\"primaryImageOfPage\":{\"@id\":\"https:\\\/\\\/cancercentertec100.com\\\/cm-cirugia-ganglios-linfaticos\\\/#primaryimage\"},\"image\":{\"@id\":\"https:\\\/\\\/cancercentertec100.com\\\/cm-cirugia-ganglios-linfaticos\\\/#primaryimage\"},\"thumbnailUrl\":\"https:\\\/\\\/cancercentertec100.com\\\/wp-content\\\/uploads\\\/2021\\\/08\\\/BUTTOM-CM.jpg\",\"datePublished\":\"2024-05-23T04:51:15+00:00\",\"dateModified\":\"2024-11-13T22:05:54+00:00\",\"breadcrumb\":{\"@id\":\"https:\\\/\\\/cancercentertec100.com\\\/cm-cirugia-ganglios-linfaticos\\\/#breadcrumb\"},\"inLanguage\":\"en-US\",\"potentialAction\":[{\"@type\":\"ReadAction\",\"target\":[\"https:\\\/\\\/cancercentertec100.com\\\/cm-cirugia-ganglios-linfaticos\\\/\"]}]},{\"@type\":\"ImageObject\",\"inLanguage\":\"en-US\",\"@id\":\"https:\\\/\\\/cancercentertec100.com\\\/cm-cirugia-ganglios-linfaticos\\\/#primaryimage\",\"url\":\"https:\\\/\\\/cancercentertec100.com\\\/wp-content\\\/uploads\\\/2021\\\/08\\\/BUTTOM-CM.jpg\",\"contentUrl\":\"https:\\\/\\\/cancercentertec100.com\\\/wp-content\\\/uploads\\\/2021\\\/08\\\/BUTTOM-CM.jpg\"},{\"@type\":\"BreadcrumbList\",\"@id\":\"https:\\\/\\\/cancercentertec100.com\\\/cm-cirugia-ganglios-linfaticos\\\/#breadcrumb\",\"itemListElement\":[{\"@type\":\"ListItem\",\"position\":1,\"name\":\"Home\",\"item\":\"https:\\\/\\\/cancercentertec100.com\\\/\"},{\"@type\":\"ListItem\",\"position\":2,\"name\":\"CM &#8211; CIRUG\u00cdA DE GANGLIOS LINF\u00c1TICOS PARA EL C\u00c1NCER DE MAMA\"}]},{\"@type\":\"WebSite\",\"@id\":\"https:\\\/\\\/cancercentertec100.com\\\/#website\",\"url\":\"https:\\\/\\\/cancercentertec100.com\\\/\",\"name\":\"CANCER CENTER TEC 100\",\"description\":\"Tu mejor opci\u00f3n para el tratamiento del c\u00e1ncer.\",\"publisher\":{\"@id\":\"https:\\\/\\\/cancercentertec100.com\\\/#organization\"},\"potentialAction\":[{\"@type\":\"SearchAction\",\"target\":{\"@type\":\"EntryPoint\",\"urlTemplate\":\"https:\\\/\\\/cancercentertec100.com\\\/?s={search_term_string}\"},\"query-input\":{\"@type\":\"PropertyValueSpecification\",\"valueRequired\":true,\"valueName\":\"search_term_string\"}}],\"inLanguage\":\"en-US\"},{\"@type\":\"Organization\",\"@id\":\"https:\\\/\\\/cancercentertec100.com\\\/#organization\",\"name\":\"CANCER CENTER TEC 100\",\"url\":\"https:\\\/\\\/cancercentertec100.com\\\/\",\"logo\":{\"@type\":\"ImageObject\",\"inLanguage\":\"en-US\",\"@id\":\"https:\\\/\\\/cancercentertec100.com\\\/#\\\/schema\\\/logo\\\/image\\\/\",\"url\":\"https:\\\/\\\/cancercentertec100.com\\\/wp-content\\\/uploads\\\/2024\\\/03\\\/LOGO-CCT-01.png\",\"contentUrl\":\"https:\\\/\\\/cancercentertec100.com\\\/wp-content\\\/uploads\\\/2024\\\/03\\\/LOGO-CCT-01.png\",\"width\":3703,\"height\":2062,\"caption\":\"CANCER CENTER TEC 100\"},\"image\":{\"@id\":\"https:\\\/\\\/cancercentertec100.com\\\/#\\\/schema\\\/logo\\\/image\\\/\"},\"sameAs\":[\"https:\\\/\\\/www.facebook.com\\\/CancerCenterTec100\",\"https:\\\/\\\/www.instagram.com\\\/cancercentertec100\\\/\",\"https:\\\/\\\/www.youtube.com\\\/channel\\\/UCYadf0oSR1BKrlNYqWq2PvQ\",\"https:\\\/\\\/www.linkedin.com\\\/company\\\/cancer-center-tec-100\"]}]}<\/script>\n<!-- \/ Yoast SEO plugin. -->","yoast_head_json":{"title":"CM - CIRUG\u00cdA DE GANGLIOS LINF\u00c1TICOS PARA EL C\u00c1NCER DE MAMA &#187; CANCER CENTER TEC 100","robots":{"index":"index","follow":"follow","max-snippet":"max-snippet:-1","max-image-preview":"max-image-preview:large","max-video-preview":"max-video-preview:-1"},"canonical":"https:\/\/cancercentertec100.com\/en\/cm-cirugia-ganglios-linfaticos\/","og_locale":"en_US","og_type":"article","og_title":"CM - CIRUG\u00cdA DE GANGLIOS LINF\u00c1TICOS PARA EL C\u00c1NCER DE MAMA &#187; CANCER CENTER TEC 100","og_url":"https:\/\/cancercentertec100.com\/en\/cm-cirugia-ganglios-linfaticos\/","og_site_name":"CANCER CENTER TEC 100","article_publisher":"https:\/\/www.facebook.com\/CancerCenterTec100","article_modified_time":"2024-11-13T22:05:54+00:00","og_image":[{"url":"https:\/\/cancercentertec100.com\/wp-content\/uploads\/2021\/08\/BUTTOM-CM.jpg","type":"","width":"","height":""}],"twitter_card":"summary_large_image","twitter_misc":{"Est. reading time":"4 minutes"},"schema":{"@context":"https:\/\/schema.org","@graph":[{"@type":"WebPage","@id":"https:\/\/cancercentertec100.com\/cm-cirugia-ganglios-linfaticos\/","url":"https:\/\/cancercentertec100.com\/cm-cirugia-ganglios-linfaticos\/","name":"CM - CIRUG\u00cdA DE GANGLIOS LINF\u00c1TICOS PARA EL C\u00c1NCER DE MAMA &#187; CANCER CENTER TEC 100","isPartOf":{"@id":"https:\/\/cancercentertec100.com\/#website"},"primaryImageOfPage":{"@id":"https:\/\/cancercentertec100.com\/cm-cirugia-ganglios-linfaticos\/#primaryimage"},"image":{"@id":"https:\/\/cancercentertec100.com\/cm-cirugia-ganglios-linfaticos\/#primaryimage"},"thumbnailUrl":"https:\/\/cancercentertec100.com\/wp-content\/uploads\/2021\/08\/BUTTOM-CM.jpg","datePublished":"2024-05-23T04:51:15+00:00","dateModified":"2024-11-13T22:05:54+00:00","breadcrumb":{"@id":"https:\/\/cancercentertec100.com\/cm-cirugia-ganglios-linfaticos\/#breadcrumb"},"inLanguage":"en-US","potentialAction":[{"@type":"ReadAction","target":["https:\/\/cancercentertec100.com\/cm-cirugia-ganglios-linfaticos\/"]}]},{"@type":"ImageObject","inLanguage":"en-US","@id":"https:\/\/cancercentertec100.com\/cm-cirugia-ganglios-linfaticos\/#primaryimage","url":"https:\/\/cancercentertec100.com\/wp-content\/uploads\/2021\/08\/BUTTOM-CM.jpg","contentUrl":"https:\/\/cancercentertec100.com\/wp-content\/uploads\/2021\/08\/BUTTOM-CM.jpg"},{"@type":"BreadcrumbList","@id":"https:\/\/cancercentertec100.com\/cm-cirugia-ganglios-linfaticos\/#breadcrumb","itemListElement":[{"@type":"ListItem","position":1,"name":"Home","item":"https:\/\/cancercentertec100.com\/"},{"@type":"ListItem","position":2,"name":"CM &#8211; CIRUG\u00cdA DE GANGLIOS LINF\u00c1TICOS PARA EL C\u00c1NCER DE MAMA"}]},{"@type":"WebSite","@id":"https:\/\/cancercentertec100.com\/#website","url":"https:\/\/cancercentertec100.com\/","name":"CANCER CENTER TEC 100","description":"Your best option for cancer treatment","publisher":{"@id":"https:\/\/cancercentertec100.com\/#organization"},"potentialAction":[{"@type":"SearchAction","target":{"@type":"EntryPoint","urlTemplate":"https:\/\/cancercentertec100.com\/?s={search_term_string}"},"query-input":{"@type":"PropertyValueSpecification","valueRequired":true,"valueName":"search_term_string"}}],"inLanguage":"en-US"},{"@type":"Organization","@id":"https:\/\/cancercentertec100.com\/#organization","name":"CANCER CENTER TEC 100","url":"https:\/\/cancercentertec100.com\/","logo":{"@type":"ImageObject","inLanguage":"en-US","@id":"https:\/\/cancercentertec100.com\/#\/schema\/logo\/image\/","url":"https:\/\/cancercentertec100.com\/wp-content\/uploads\/2024\/03\/LOGO-CCT-01.png","contentUrl":"https:\/\/cancercentertec100.com\/wp-content\/uploads\/2024\/03\/LOGO-CCT-01.png","width":3703,"height":2062,"caption":"CANCER CENTER TEC 100"},"image":{"@id":"https:\/\/cancercentertec100.com\/#\/schema\/logo\/image\/"},"sameAs":["https:\/\/www.facebook.com\/CancerCenterTec100","https:\/\/www.instagram.com\/cancercentertec100\/","https:\/\/www.youtube.com\/channel\/UCYadf0oSR1BKrlNYqWq2PvQ","https:\/\/www.linkedin.com\/company\/cancer-center-tec-100"]}]}},"_links":{"self":[{"href":"https:\/\/cancercentertec100.com\/en\/wp-json\/wp\/v2\/pages\/19594","targetHints":{"allow":["GET"]}}],"collection":[{"href":"https:\/\/cancercentertec100.com\/en\/wp-json\/wp\/v2\/pages"}],"about":[{"href":"https:\/\/cancercentertec100.com\/en\/wp-json\/wp\/v2\/types\/page"}],"author":[{"embeddable":true,"href":"https:\/\/cancercentertec100.com\/en\/wp-json\/wp\/v2\/users\/1"}],"replies":[{"embeddable":true,"href":"https:\/\/cancercentertec100.com\/en\/wp-json\/wp\/v2\/comments?post=19594"}],"version-history":[{"count":4,"href":"https:\/\/cancercentertec100.com\/en\/wp-json\/wp\/v2\/pages\/19594\/revisions"}],"predecessor-version":[{"id":19880,"href":"https:\/\/cancercentertec100.com\/en\/wp-json\/wp\/v2\/pages\/19594\/revisions\/19880"}],"wp:attachment":[{"href":"https:\/\/cancercentertec100.com\/en\/wp-json\/wp\/v2\/media?parent=19594"}],"curies":[{"name":"wp","href":"https:\/\/api.w.org\/{rel}","templated":true}]}}