{"id":19390,"date":"2024-01-18T19:32:20","date_gmt":"2024-01-18T19:32:20","guid":{"rendered":"https:\/\/cancercentertec100.com\/?page_id=19390"},"modified":"2024-11-13T21:57:21","modified_gmt":"2024-11-13T21:57:21","slug":"clinicas-especializadas","status":"publish","type":"page","link":"https:\/\/cancercentertec100.com\/en\/clinicas-especializadas\/","title":{"rendered":"Specialized clinics"},"content":{"rendered":"<div id=\"cmsmasters_row_b702c8c096\" class=\"cmsmasters_row cmsmasters_color_scheme_default cmsmasters_row_top_default cmsmasters_row_bot_default cmsmasters_row_boxed\">\n<div class=\"cmsmasters_row_outer_parent\">\n<div class=\"cmsmasters_row_outer\">\n<div class=\"cmsmasters_row_inner\">\n<div class=\"cmsmasters_row_margin\">\n<div id=\"cmsmasters_column_9273598686\" class=\"cmsmasters_column one_first\">\n<div class=\"cmsmasters_column_inner\"><\/div><\/div>\n<\/div>\n<\/div>\n<\/div>\n<\/div>\n<\/div>\n<div id=\"cmsmasters_row_5745f6210b\" class=\"cmsmasters_row cmsmasters_color_scheme_default cmsmasters_row_top_default cmsmasters_row_bot_default cmsmasters_row_boxed\">\n<div class=\"cmsmasters_row_outer_parent\">\n<div class=\"cmsmasters_row_outer\">\n<div class=\"cmsmasters_row_inner\">\n<div class=\"cmsmasters_row_margin\">\n<div id=\"cmsmasters_column_c495445925\" class=\"cmsmasters_column one_first\">\n<div class=\"cmsmasters_column_inner\"><div id=\"cmsmasters_heading_9f1b808005\" class=\"cmsmasters_heading_wrap cmsmasters_heading_align_center\">\n\t<h1 class=\"cmsmasters_heading\">Specialized clinics<\/h1>\n<\/div>\n<div id=\"cmsmasters_divider_qev9i3t2ol\" class=\"cl\"><\/div>\n<div class=\"cmsmasters_text\">\n<h3 style=\"text-align: center;\"><span class=\"TextRun SCXW158316252 BCX8\" lang=\"ES-ES\" xml:lang=\"ES-ES\" data-contrast=\"auto\"><span class=\"NormalTextRun SCXW158316252 BCX8\">Our specialized and multidisciplinary clinics allow us to provide personalized treatments tailored to our patients. These clinics include specialists from different branches of medicine.<\/span><\/span><\/h3>\n<\/div>\n<\/div><\/div>\n<\/div>\n<\/div>\n<\/div>\n<\/div>\n<\/div>\n<div id=\"cmsmasters_row_mvyy0wt2m4\" class=\"cmsmasters_row cmsmasters_color_scheme_default cmsmasters_row_top_default cmsmasters_row_bot_default cmsmasters_row_boxed\">\n<div class=\"cmsmasters_row_outer_parent\">\n<div class=\"cmsmasters_row_outer\">\n<div class=\"cmsmasters_row_inner\">\n<div class=\"cmsmasters_row_margin\">\n<div id=\"cmsmasters_column_at386gyn2\" class=\"cmsmasters_column one_third\">\n<div class=\"cmsmasters_column_inner\"><div class=\"cmsmasters_img  cmsmasters_image_n\"><a href=\"https:\/\/cancercentertec100.com\/en\/clinica-cancer-mama\/\"><img decoding=\"async\" src=\"https:\/\/cancercentertec100.com\/wp-content\/uploads\/2024\/05\/breast.jpg\" \/><\/a><\/div><div id=\"cmsmasters_button_twg7c9k4lr\" class=\"button_wrap\"><a href=\"https:\/\/cancercentertec100.com\/en\/clinica-cancer-mama\/\" class=\"cmsmasters_button cmsmasters-icon-plus\"><span>Know more<\/span><\/a><\/div>\n<\/div><\/div>\n<div id=\"cmsmasters_column_9yp2g9uwg\" class=\"cmsmasters_column one_third\">\n<div class=\"cmsmasters_column_inner\"><div class=\"cmsmasters_img  cmsmasters_image_n\"><a href=\"https:\/\/cancercentertec100.com\/en\/clinica-de-cancer-de-pulmon\/\"><img decoding=\"async\" src=\"https:\/\/cancercentertec100.com\/wp-content\/uploads\/2024\/05\/lung.jpg\" \/><\/a><\/div><div id=\"cmsmasters_button_2nyihimdun\" class=\"button_wrap\"><a href=\"https:\/\/cancercentertec100.com\/en\/clinica-de-cancer-de-pulmon\/\" class=\"cmsmasters_button cmsmasters-icon-plus\"><span>Know more<\/span><\/a><\/div>\n<\/div><\/div>\n<div id=\"cmsmasters_column_nn9vx767x8\" class=\"cmsmasters_column one_third\">\n<div class=\"cmsmasters_column_inner\"><div class=\"cmsmasters_img  cmsmasters_image_n\"><a href=\"https:\/\/cancercentertec100.com\/en\/clinica-de-neurologia\/\"><img decoding=\"async\" src=\"https:\/\/cancercentertec100.com\/wp-content\/uploads\/2024\/05\/meurology.jpg\" \/><\/a><\/div><div id=\"cmsmasters_button_mqwrxl4avt\" class=\"button_wrap\"><a href=\"https:\/\/cancercentertec100.com\/en\/clinica-de-neurologia\/\" class=\"cmsmasters_button cmsmasters-icon-plus\"><span>Know more<\/span><\/a><\/div>\n<\/div><\/div>\n<\/div>\n<\/div>\n<\/div>\n<\/div>\n<\/div>\n<div id=\"cmsmasters_row_7epzw5k8e\" class=\"cmsmasters_row cmsmasters_color_scheme_default cmsmasters_row_top_default cmsmasters_row_bot_default cmsmasters_row_boxed\">\n<div class=\"cmsmasters_row_outer_parent\">\n<div class=\"cmsmasters_row_outer\">\n<div class=\"cmsmasters_row_inner\">\n<div class=\"cmsmasters_row_margin\">\n<div id=\"cmsmasters_column_c29490adm8\" class=\"cmsmasters_column one_third\">\n<div class=\"cmsmasters_column_inner\"><div class=\"cmsmasters_img  cmsmasters_image_n\"><a href=\"https:\/\/cancercentertec100.com\/en\/clinica-tumores-digestivo\/\"><img decoding=\"async\" src=\"https:\/\/cancercentertec100.com\/wp-content\/uploads\/2024\/05\/gastro.jpg\" \/><\/a><\/div><div id=\"cmsmasters_button_z9yxv774n\" class=\"button_wrap\"><a href=\"https:\/\/cancercentertec100.com\/en\/clinica-tumores-digestivo\/\" class=\"cmsmasters_button cmsmasters-icon-plus\"><span>Know more<\/span><\/a><\/div>\n<\/div><\/div>\n<div id=\"cmsmasters_column_20xm1snrol\" class=\"cmsmasters_column one_third\">\n<div class=\"cmsmasters_column_inner\"><\/div><\/div>\n<div id=\"cmsmasters_column_y2v86wx6an\" class=\"cmsmasters_column one_third\">\n<div class=\"cmsmasters_column_inner\"><\/div><\/div>\n<\/div>\n<\/div>\n<\/div>\n<\/div>\n<\/div>\n<div id=\"cmsmasters_row_2cl3u9kze5\" class=\"cmsmasters_row cmsmasters_color_scheme_default cmsmasters_row_top_default cmsmasters_row_bot_default cmsmasters_row_boxed\">\n<div class=\"cmsmasters_row_outer_parent\">\n<div class=\"cmsmasters_row_outer\">\n<div class=\"cmsmasters_row_inner\">\n<div class=\"cmsmasters_row_margin\">\n<div id=\"cmsmasters_column_16flt4n0mo\" class=\"cmsmasters_column one_third\">\n<div class=\"cmsmasters_column_inner\"><\/div><\/div>\n<div id=\"cmsmasters_column_tghmlonvl\" class=\"cmsmasters_column one_third\">\n<div class=\"cmsmasters_column_inner\"><div class=\"cmsmasters_img  cmsmasters_image_n\"><a href=\"https:\/\/mr-centers.com\/\" target=\"_blank\"><img decoding=\"async\" src=\"https:\/\/cancercentertec100.com\/wp-content\/uploads\/2024\/10\/logo-Center-of-excellence.png\" \/><\/a><\/div>\n<\/div><\/div>\n<div id=\"cmsmasters_column_95fdxy6dxg\" class=\"cmsmasters_column one_third\">\n<div class=\"cmsmasters_column_inner\"><\/div><\/div>\n<\/div>\n<\/div>\n<\/div>\n<\/div>\n<\/div>","protected":false},"excerpt":{"rendered":"","protected":false},"author":1,"featured_media":0,"parent":0,"menu_order":0,"comment_status":"closed","ping_status":"closed","template":"","meta":{"footnotes":""},"class_list":["post-19390","page","type-page","status-publish","hentry"],"yoast_head":"<!-- This site is optimized with the Yoast SEO plugin v27.3 - https:\/\/yoast.com\/product\/yoast-seo-wordpress\/ -->\n<title>Cl\u00ednicas Especializadas &#187; CANCER CENTER TEC 100<\/title>\n<meta name=\"description\" content=\"Mediante las cl\u00ednicas de especializaci\u00f3n ofrecemos tratamientos personalizados de mayor calidad a nuestros pacientes.\" \/>\n<meta name=\"robots\" content=\"index, follow, max-snippet:-1, max-image-preview:large, max-video-preview:-1\" \/>\n<link rel=\"canonical\" href=\"https:\/\/cancercentertec100.com\/en\/clinicas-especializadas\/\" \/>\n<meta property=\"og:locale\" content=\"en_US\" \/>\n<meta property=\"og:type\" content=\"article\" \/>\n<meta property=\"og:title\" content=\"Cl\u00ednicas Especializadas &#187; CANCER CENTER TEC 100\" \/>\n<meta property=\"og:description\" content=\"Mediante las cl\u00ednicas de especializaci\u00f3n ofrecemos tratamientos personalizados de mayor calidad a nuestros pacientes.\" \/>\n<meta property=\"og:url\" content=\"https:\/\/cancercentertec100.com\/en\/clinicas-especializadas\/\" \/>\n<meta property=\"og:site_name\" content=\"CANCER CENTER TEC 100\" \/>\n<meta property=\"article:publisher\" content=\"https:\/\/www.facebook.com\/CancerCenterTec100\" \/>\n<meta property=\"article:modified_time\" content=\"2024-11-13T21:57:21+00:00\" \/>\n<meta property=\"og:image\" content=\"https:\/\/cancercentertec100.com\/wp-content\/uploads\/2025\/06\/LOGO-CCT-1.jpg\" \/>\n\t<meta property=\"og:image:width\" content=\"400\" \/>\n\t<meta property=\"og:image:height\" content=\"216\" \/>\n\t<meta property=\"og:image:type\" content=\"image\/jpeg\" \/>\n<meta name=\"twitter:card\" content=\"summary_large_image\" \/>\n<meta name=\"twitter:label1\" content=\"Est. reading time\" \/>\n\t<meta name=\"twitter:data1\" content=\"1 minute\" \/>\n<script type=\"application\/ld+json\" class=\"yoast-schema-graph\">{\"@context\":\"https:\\\/\\\/schema.org\",\"@graph\":[{\"@type\":\"WebPage\",\"@id\":\"https:\\\/\\\/cancercentertec100.com\\\/clinicas-especializadas\\\/\",\"url\":\"https:\\\/\\\/cancercentertec100.com\\\/clinicas-especializadas\\\/\",\"name\":\"Cl\u00ednicas Especializadas &#187; CANCER CENTER TEC 100\",\"isPartOf\":{\"@id\":\"https:\\\/\\\/cancercentertec100.com\\\/#website\"},\"datePublished\":\"2024-01-18T19:32:20+00:00\",\"dateModified\":\"2024-11-13T21:57:21+00:00\",\"description\":\"Mediante las cl\u00ednicas de especializaci\u00f3n ofrecemos tratamientos personalizados de mayor calidad a nuestros pacientes.\",\"breadcrumb\":{\"@id\":\"https:\\\/\\\/cancercentertec100.com\\\/clinicas-especializadas\\\/#breadcrumb\"},\"inLanguage\":\"en-US\",\"potentialAction\":[{\"@type\":\"ReadAction\",\"target\":[\"https:\\\/\\\/cancercentertec100.com\\\/clinicas-especializadas\\\/\"]}]},{\"@type\":\"BreadcrumbList\",\"@id\":\"https:\\\/\\\/cancercentertec100.com\\\/clinicas-especializadas\\\/#breadcrumb\",\"itemListElement\":[{\"@type\":\"ListItem\",\"position\":1,\"name\":\"Home\",\"item\":\"https:\\\/\\\/cancercentertec100.com\\\/\"},{\"@type\":\"ListItem\",\"position\":2,\"name\":\"Cl\u00ednicas Especializadas\"}]},{\"@type\":\"WebSite\",\"@id\":\"https:\\\/\\\/cancercentertec100.com\\\/#website\",\"url\":\"https:\\\/\\\/cancercentertec100.com\\\/\",\"name\":\"CANCER CENTER TEC 100\",\"description\":\"Tu mejor opci\u00f3n para el tratamiento del c\u00e1ncer.\",\"publisher\":{\"@id\":\"https:\\\/\\\/cancercentertec100.com\\\/#organization\"},\"potentialAction\":[{\"@type\":\"SearchAction\",\"target\":{\"@type\":\"EntryPoint\",\"urlTemplate\":\"https:\\\/\\\/cancercentertec100.com\\\/?s={search_term_string}\"},\"query-input\":{\"@type\":\"PropertyValueSpecification\",\"valueRequired\":true,\"valueName\":\"search_term_string\"}}],\"inLanguage\":\"en-US\"},{\"@type\":\"Organization\",\"@id\":\"https:\\\/\\\/cancercentertec100.com\\\/#organization\",\"name\":\"CANCER CENTER TEC 100\",\"url\":\"https:\\\/\\\/cancercentertec100.com\\\/\",\"logo\":{\"@type\":\"ImageObject\",\"inLanguage\":\"en-US\",\"@id\":\"https:\\\/\\\/cancercentertec100.com\\\/#\\\/schema\\\/logo\\\/image\\\/\",\"url\":\"https:\\\/\\\/cancercentertec100.com\\\/wp-content\\\/uploads\\\/2024\\\/03\\\/LOGO-CCT-01.png\",\"contentUrl\":\"https:\\\/\\\/cancercentertec100.com\\\/wp-content\\\/uploads\\\/2024\\\/03\\\/LOGO-CCT-01.png\",\"width\":3703,\"height\":2062,\"caption\":\"CANCER CENTER TEC 100\"},\"image\":{\"@id\":\"https:\\\/\\\/cancercentertec100.com\\\/#\\\/schema\\\/logo\\\/image\\\/\"},\"sameAs\":[\"https:\\\/\\\/www.facebook.com\\\/CancerCenterTec100\",\"https:\\\/\\\/www.instagram.com\\\/cancercentertec100\\\/\",\"https:\\\/\\\/www.youtube.com\\\/channel\\\/UCYadf0oSR1BKrlNYqWq2PvQ\",\"https:\\\/\\\/www.linkedin.com\\\/company\\\/cancer-center-tec-100\"]}]}<\/script>\n<!-- \/ Yoast SEO plugin. -->","yoast_head_json":{"title":"Cl\u00ednicas Especializadas &#187; CANCER CENTER TEC 100","description":"Our specialized and multidisciplinary clinics allow us to provide personalized treatments tailored to our patients. These clinics include specialists from different branches of medicine.","robots":{"index":"index","follow":"follow","max-snippet":"max-snippet:-1","max-image-preview":"max-image-preview:large","max-video-preview":"max-video-preview:-1"},"canonical":"https:\/\/cancercentertec100.com\/en\/clinicas-especializadas\/","og_locale":"en_US","og_type":"article","og_title":"Cl\u00ednicas Especializadas &#187; CANCER CENTER TEC 100","og_description":"Mediante las cl\u00ednicas de especializaci\u00f3n ofrecemos tratamientos personalizados de mayor calidad a nuestros pacientes.","og_url":"https:\/\/cancercentertec100.com\/en\/clinicas-especializadas\/","og_site_name":"CANCER CENTER TEC 100","article_publisher":"https:\/\/www.facebook.com\/CancerCenterTec100","article_modified_time":"2024-11-13T21:57:21+00:00","og_image":[{"width":400,"height":216,"url":"https:\/\/cancercentertec100.com\/wp-content\/uploads\/2025\/06\/LOGO-CCT-1.jpg","type":"image\/jpeg"}],"twitter_card":"summary_large_image","twitter_misc":{"Est. reading time":"1 minute"},"schema":{"@context":"https:\/\/schema.org","@graph":[{"@type":"WebPage","@id":"https:\/\/cancercentertec100.com\/clinicas-especializadas\/","url":"https:\/\/cancercentertec100.com\/clinicas-especializadas\/","name":"Cl\u00ednicas Especializadas &#187; CANCER CENTER TEC 100","isPartOf":{"@id":"https:\/\/cancercentertec100.com\/#website"},"datePublished":"2024-01-18T19:32:20+00:00","dateModified":"2024-11-13T21:57:21+00:00","description":"Our specialized and multidisciplinary clinics allow us to provide personalized treatments tailored to our patients. These clinics include specialists from different branches of medicine.","breadcrumb":{"@id":"https:\/\/cancercentertec100.com\/clinicas-especializadas\/#breadcrumb"},"inLanguage":"en-US","potentialAction":[{"@type":"ReadAction","target":["https:\/\/cancercentertec100.com\/clinicas-especializadas\/"]}]},{"@type":"BreadcrumbList","@id":"https:\/\/cancercentertec100.com\/clinicas-especializadas\/#breadcrumb","itemListElement":[{"@type":"ListItem","position":1,"name":"Home","item":"https:\/\/cancercentertec100.com\/"},{"@type":"ListItem","position":2,"name":"Cl\u00ednicas Especializadas"}]},{"@type":"WebSite","@id":"https:\/\/cancercentertec100.com\/#website","url":"https:\/\/cancercentertec100.com\/","name":"CANCER CENTER TEC 100","description":"Your best option for cancer treatment","publisher":{"@id":"https:\/\/cancercentertec100.com\/#organization"},"potentialAction":[{"@type":"SearchAction","target":{"@type":"EntryPoint","urlTemplate":"https:\/\/cancercentertec100.com\/?s={search_term_string}"},"query-input":{"@type":"PropertyValueSpecification","valueRequired":true,"valueName":"search_term_string"}}],"inLanguage":"en-US"},{"@type":"Organization","@id":"https:\/\/cancercentertec100.com\/#organization","name":"CANCER CENTER TEC 100","url":"https:\/\/cancercentertec100.com\/","logo":{"@type":"ImageObject","inLanguage":"en-US","@id":"https:\/\/cancercentertec100.com\/#\/schema\/logo\/image\/","url":"https:\/\/cancercentertec100.com\/wp-content\/uploads\/2024\/03\/LOGO-CCT-01.png","contentUrl":"https:\/\/cancercentertec100.com\/wp-content\/uploads\/2024\/03\/LOGO-CCT-01.png","width":3703,"height":2062,"caption":"CANCER CENTER TEC 100"},"image":{"@id":"https:\/\/cancercentertec100.com\/#\/schema\/logo\/image\/"},"sameAs":["https:\/\/www.facebook.com\/CancerCenterTec100","https:\/\/www.instagram.com\/cancercentertec100\/","https:\/\/www.youtube.com\/channel\/UCYadf0oSR1BKrlNYqWq2PvQ","https:\/\/www.linkedin.com\/company\/cancer-center-tec-100"]}]}},"_links":{"self":[{"href":"https:\/\/cancercentertec100.com\/en\/wp-json\/wp\/v2\/pages\/19390","targetHints":{"allow":["GET"]}}],"collection":[{"href":"https:\/\/cancercentertec100.com\/en\/wp-json\/wp\/v2\/pages"}],"about":[{"href":"https:\/\/cancercentertec100.com\/en\/wp-json\/wp\/v2\/types\/page"}],"author":[{"embeddable":true,"href":"https:\/\/cancercentertec100.com\/en\/wp-json\/wp\/v2\/users\/1"}],"replies":[{"embeddable":true,"href":"https:\/\/cancercentertec100.com\/en\/wp-json\/wp\/v2\/comments?post=19390"}],"version-history":[{"count":6,"href":"https:\/\/cancercentertec100.com\/en\/wp-json\/wp\/v2\/pages\/19390\/revisions"}],"predecessor-version":[{"id":19871,"href":"https:\/\/cancercentertec100.com\/en\/wp-json\/wp\/v2\/pages\/19390\/revisions\/19871"}],"wp:attachment":[{"href":"https:\/\/cancercentertec100.com\/en\/wp-json\/wp\/v2\/media?parent=19390"}],"curies":[{"name":"wp","href":"https:\/\/api.w.org\/{rel}","templated":true}]}}