{"id":19259,"date":"2024-01-03T00:24:35","date_gmt":"2024-01-03T00:24:35","guid":{"rendered":"https:\/\/cancercentertec100.com\/?page_id=19259"},"modified":"2025-06-17T03:08:02","modified_gmt":"2025-06-17T03:08:03","slug":"inmunoterapia","status":"publish","type":"page","link":"https:\/\/cancercentertec100.com\/en\/inmunoterapia\/","title":{"rendered":"Immunotherapy"},"content":{"rendered":"<div id=\"cmsmasters_row_4b2f9be841\" class=\"cmsmasters_row cmsmasters_color_scheme_default cmsmasters_row_top_default cmsmasters_row_bot_default cmsmasters_row_fullwidth\">\n<div class=\"cmsmasters_row_outer_parent\">\n<div class=\"cmsmasters_row_outer\">\n<div class=\"cmsmasters_row_inner cmsmasters_row_fullwidth\">\n<div class=\"cmsmasters_row_margin\">\n<div id=\"cmsmasters_column_e7dcbc0967\" class=\"cmsmasters_column one_first\">\n<div class=\"cmsmasters_column_inner\"><div class=\"cmsmasters_img  cmsmasters_image_n\"><img decoding=\"async\" src=\"https:\/\/cancercentertec100.com\/wp-content\/uploads\/2024\/05\/Immunotherapy.jpg\" \/><\/div>\n<\/div><\/div>\n<\/div>\n<\/div>\n<\/div>\n<\/div>\n<\/div>\n<div id=\"cmsmasters_row_iiuojolsg\" class=\"cmsmasters_row cmsmasters_color_scheme_default cmsmasters_row_top_default cmsmasters_row_bot_default cmsmasters_row_boxed\">\n<div class=\"cmsmasters_row_outer_parent\">\n<div class=\"cmsmasters_row_outer\">\n<div class=\"cmsmasters_row_inner\">\n<div class=\"cmsmasters_row_margin\">\n<div id=\"cmsmasters_column_3hag19ozcs\" class=\"cmsmasters_column one_first\">\n<div class=\"cmsmasters_column_inner\"><div class=\"cmsmasters_text\">\n<h2><span style=\"color: #333399;\">Immunotherapy is a treatment that uses the body's immune system to fight cancer.\u00a0<\/span><\/h2>\n<p>The immune system is made up of cells, organs and proteins that help defend the body from infections and other diseases. Immunotherapy can stimulate or strengthen the immune system's natural defenses so that they attack cancer cells more intensely or effectively. It may also use substances made by the body or in a laboratory to improve the immune response to cancer.<\/p>\n<h2><span style=\"color: #ff6600;\"><strong>Immunotherapy can treat many types of cancer, either alone or in combination with other treatments, such as chemotherapy.<\/strong><\/span><\/h2>\n<\/div>\n<\/div><\/div>\n<\/div>\n<\/div>\n<\/div>\n<\/div>\n<\/div>\n<div id=\"cmsmasters_row_\" class=\"cmsmasters_row cmsmasters_color_scheme_default cmsmasters_row_top_default cmsmasters_row_bot_default cmsmasters_row_boxed\">\n<div class=\"cmsmasters_row_outer_parent\">\n<div class=\"cmsmasters_row_outer\">\n<div class=\"cmsmasters_row_inner cmsmasters_row_no_margin\">\n<div class=\"cmsmasters_row_margin cmsmasters_row_columns_behavior\">\n<div id=\"cmsmasters_column_\" class=\"cmsmasters_column one_fourth\">\n<div class=\"cmsmasters_column_inner\"><div id=\"cmsmasters_icon_mej1rfouu\" class=\"cmsmasters_icon_wrap\"><span class=\"cmsmasters_simple_icon cmsmasters-icon-custom-28\"><\/span><span class=\"cmsmasters_simple_icon_title\"><\/span><\/div>\n<div id=\"cmsmasters_heading_dgj57n5358\" class=\"cmsmasters_heading_wrap cmsmasters_heading_align_center\">\n\t<h3 class=\"cmsmasters_heading\">Appointment<\/h3>\n<\/div><div id=\"cmsmasters_button_4mreg9k8z\" class=\"button_wrap\"><a href=\"https:\/\/cancercentertec100.com\/en\/contacto\/\" class=\"cmsmasters_button\"><span>Schedule now<\/span><\/a><\/div>\n<\/div><\/div>\n<div id=\"cmsmasters_column_f8lvdo0cjo\" class=\"cmsmasters_column one_fourth\">\n<div class=\"cmsmasters_column_inner\"><div id=\"cmsmasters_icon_mzy378da16\" class=\"cmsmasters_icon_wrap\"><span class=\"cmsmasters_simple_icon cmsmasters-icon-whatsapp\"><\/span><span class=\"cmsmasters_simple_icon_title\"><\/span><\/div>\n<div id=\"cmsmasters_heading_5fdvbba2m\" class=\"cmsmasters_heading_wrap cmsmasters_heading_align_center\">\n\t<h3 class=\"cmsmasters_heading\">WhatsApp<\/h3>\n<\/div><div id=\"cmsmasters_button_0hkj48nnhn\" class=\"button_wrap\"><a href=\"https:\/\/wa.me\/524423339943\" class=\"cmsmasters_button cmsmasters-icon-whatsapp\" target=\"_blank\"><span>Hello<\/span><\/a><\/div>\n<\/div><\/div>\n<div id=\"cmsmasters_column_53w49klrac\" class=\"cmsmasters_column one_fourth\">\n<div class=\"cmsmasters_column_inner\"><div id=\"cmsmasters_icon_1939fdt5n\" class=\"cmsmasters_icon_wrap\"><span class=\"cmsmasters_simple_icon cmsmasters-icon-call-out\"><\/span><span class=\"cmsmasters_simple_icon_title\"><\/span><\/div>\n<div id=\"cmsmasters_heading_lguafcuf9\" class=\"cmsmasters_heading_wrap cmsmasters_heading_align_center\">\n\t<h3 class=\"cmsmasters_heading\">Call us<\/h3>\n<\/div><div id=\"cmsmasters_heading_dija08ll53\" class=\"cmsmasters_heading_wrap cmsmasters_heading_align_center\">\n\t<h4 class=\"cmsmasters_heading\">4422150775<\/h4>\n<\/div>\n<\/div><\/div>\n<div id=\"cmsmasters_column_kbnhtnqoq9\" class=\"cmsmasters_column one_fourth\">\n<div class=\"cmsmasters_column_inner\"><div id=\"cmsmasters_icon_i9q02v94k\" class=\"cmsmasters_icon_wrap\"><span class=\"cmsmasters_simple_icon cmsmasters-icon-envelope-letter\"><\/span><span class=\"cmsmasters_simple_icon_title\"><\/span><\/div>\n<div id=\"cmsmasters_heading_6hkl6fk0wp\" class=\"cmsmasters_heading_wrap cmsmasters_heading_align_center\">\n\t<h3 class=\"cmsmasters_heading\">Write to us<\/h3>\n<\/div><div id=\"cmsmasters_button_n3wonhzh56\" class=\"button_wrap\"><a href=\"mailto:contacto@cancercentertec100.com\" class=\"cmsmasters_button\" target=\"_blank\"><span>Send email<\/span><\/a><\/div>\n<\/div><\/div>\n<\/div>\n<\/div>\n<\/div>\n<\/div>\n<\/div>\n<div id=\"cmsmasters_row_zu1rpppudc\" class=\"cmsmasters_row cmsmasters_color_scheme_default cmsmasters_row_top_default cmsmasters_row_bot_default cmsmasters_row_boxed\">\n<div class=\"cmsmasters_row_outer_parent\">\n<div class=\"cmsmasters_row_outer\">\n<div class=\"cmsmasters_row_inner\">\n<div class=\"cmsmasters_row_margin\">\n<div id=\"cmsmasters_column_hwqio0jktt\" class=\"cmsmasters_column one_fourth\">\n<div class=\"cmsmasters_column_inner\"><\/div><\/div>\n<div id=\"cmsmasters_column_9rjalqq44i\" class=\"cmsmasters_column one_half\">\n<div class=\"cmsmasters_column_inner\"><div class=\"aligncenter\"><div class=\"cmsmasters_img  cmsmasters_image_c\"><a href=\"https:\/\/mr-centers.com\/\" target=\"_blank\"><img decoding=\"async\" src=\"https:\/\/cancercentertec100.com\/wp-content\/uploads\/2024\/10\/logo-Center-of-excellence.png\" \/><\/a><\/div><\/div>\n<\/div><\/div>\n<div id=\"cmsmasters_column_9ynr2ycwa\" class=\"cmsmasters_column one_fourth\">\n<div class=\"cmsmasters_column_inner\"><\/div><\/div>\n<\/div>\n<\/div>\n<\/div>\n<\/div>\n<\/div>","protected":false},"excerpt":{"rendered":"","protected":false},"author":1,"featured_media":0,"parent":0,"menu_order":0,"comment_status":"closed","ping_status":"closed","template":"","meta":{"footnotes":""},"class_list":["post-19259","page","type-page","status-publish","hentry"],"yoast_head":"<!-- This site is optimized with the Yoast SEO plugin v27.3 - https:\/\/yoast.com\/product\/yoast-seo-wordpress\/ -->\n<title>Inmunoterapia &#187; CANCER CENTER TEC 100<\/title>\n<meta name=\"description\" content=\"La inmunoterapia es un tratamiento que utiliza el sistema inmunitario del cuerpo para combatir el c\u00e1ncer.\u00a0El sistema inmunitario est\u00e1 formado por c\u00e9lulas, \u00f3rganos y prote\u00ednas que ayudan a defender al cuerpo de las infecciones y otras enfermedades.\" \/>\n<meta name=\"robots\" content=\"index, follow, max-snippet:-1, max-image-preview:large, max-video-preview:-1\" \/>\n<link rel=\"canonical\" href=\"https:\/\/cancercentertec100.com\/en\/inmunoterapia\/\" \/>\n<meta property=\"og:locale\" content=\"en_US\" \/>\n<meta property=\"og:type\" content=\"article\" \/>\n<meta property=\"og:title\" content=\"Inmunoterapia &#187; CANCER CENTER TEC 100\" \/>\n<meta property=\"og:description\" content=\"La inmunoterapia es un tratamiento que utiliza el sistema inmunitario del cuerpo para combatir el c\u00e1ncer.\u00a0El sistema inmunitario est\u00e1 formado por c\u00e9lulas, \u00f3rganos y prote\u00ednas que ayudan a defender al cuerpo de las infecciones y otras enfermedades.\" \/>\n<meta property=\"og:url\" content=\"https:\/\/cancercentertec100.com\/en\/inmunoterapia\/\" \/>\n<meta property=\"og:site_name\" content=\"CANCER CENTER TEC 100\" \/>\n<meta property=\"article:publisher\" content=\"https:\/\/www.facebook.com\/CancerCenterTec100\" \/>\n<meta property=\"article:modified_time\" content=\"2025-06-17T03:08:03+00:00\" \/>\n<meta property=\"og:image\" content=\"https:\/\/cancercentertec100.com\/wp-content\/uploads\/2025\/06\/LOGO-CCT-1.jpg\" \/>\n\t<meta property=\"og:image:width\" content=\"400\" \/>\n\t<meta property=\"og:image:height\" content=\"216\" \/>\n\t<meta property=\"og:image:type\" content=\"image\/jpeg\" \/>\n<meta name=\"twitter:card\" content=\"summary_large_image\" \/>\n<meta name=\"twitter:label1\" content=\"Est. reading time\" \/>\n\t<meta name=\"twitter:data1\" content=\"2 minutes\" \/>\n<script type=\"application\/ld+json\" class=\"yoast-schema-graph\">{\"@context\":\"https:\\\/\\\/schema.org\",\"@graph\":[{\"@type\":\"WebPage\",\"@id\":\"https:\\\/\\\/cancercentertec100.com\\\/inmunoterapia\\\/\",\"url\":\"https:\\\/\\\/cancercentertec100.com\\\/inmunoterapia\\\/\",\"name\":\"Inmunoterapia &#187; CANCER CENTER TEC 100\",\"isPartOf\":{\"@id\":\"https:\\\/\\\/cancercentertec100.com\\\/#website\"},\"datePublished\":\"2024-01-03T00:24:35+00:00\",\"dateModified\":\"2025-06-17T03:08:03+00:00\",\"description\":\"La inmunoterapia es un tratamiento que utiliza el sistema inmunitario del cuerpo para combatir el c\u00e1ncer.\u00a0El sistema inmunitario est\u00e1 formado por c\u00e9lulas, \u00f3rganos y prote\u00ednas que ayudan a defender al cuerpo de las infecciones y otras enfermedades.\",\"breadcrumb\":{\"@id\":\"https:\\\/\\\/cancercentertec100.com\\\/inmunoterapia\\\/#breadcrumb\"},\"inLanguage\":\"en-US\",\"potentialAction\":[{\"@type\":\"ReadAction\",\"target\":[\"https:\\\/\\\/cancercentertec100.com\\\/inmunoterapia\\\/\"]}]},{\"@type\":\"BreadcrumbList\",\"@id\":\"https:\\\/\\\/cancercentertec100.com\\\/inmunoterapia\\\/#breadcrumb\",\"itemListElement\":[{\"@type\":\"ListItem\",\"position\":1,\"name\":\"Home\",\"item\":\"https:\\\/\\\/cancercentertec100.com\\\/\"},{\"@type\":\"ListItem\",\"position\":2,\"name\":\"Inmunoterapia\"}]},{\"@type\":\"WebSite\",\"@id\":\"https:\\\/\\\/cancercentertec100.com\\\/#website\",\"url\":\"https:\\\/\\\/cancercentertec100.com\\\/\",\"name\":\"CANCER CENTER TEC 100\",\"description\":\"Tu mejor opci\u00f3n para el tratamiento del c\u00e1ncer.\",\"publisher\":{\"@id\":\"https:\\\/\\\/cancercentertec100.com\\\/#organization\"},\"potentialAction\":[{\"@type\":\"SearchAction\",\"target\":{\"@type\":\"EntryPoint\",\"urlTemplate\":\"https:\\\/\\\/cancercentertec100.com\\\/?s={search_term_string}\"},\"query-input\":{\"@type\":\"PropertyValueSpecification\",\"valueRequired\":true,\"valueName\":\"search_term_string\"}}],\"inLanguage\":\"en-US\"},{\"@type\":\"Organization\",\"@id\":\"https:\\\/\\\/cancercentertec100.com\\\/#organization\",\"name\":\"CANCER CENTER TEC 100\",\"url\":\"https:\\\/\\\/cancercentertec100.com\\\/\",\"logo\":{\"@type\":\"ImageObject\",\"inLanguage\":\"en-US\",\"@id\":\"https:\\\/\\\/cancercentertec100.com\\\/#\\\/schema\\\/logo\\\/image\\\/\",\"url\":\"https:\\\/\\\/cancercentertec100.com\\\/wp-content\\\/uploads\\\/2024\\\/03\\\/LOGO-CCT-01.png\",\"contentUrl\":\"https:\\\/\\\/cancercentertec100.com\\\/wp-content\\\/uploads\\\/2024\\\/03\\\/LOGO-CCT-01.png\",\"width\":3703,\"height\":2062,\"caption\":\"CANCER CENTER TEC 100\"},\"image\":{\"@id\":\"https:\\\/\\\/cancercentertec100.com\\\/#\\\/schema\\\/logo\\\/image\\\/\"},\"sameAs\":[\"https:\\\/\\\/www.facebook.com\\\/CancerCenterTec100\",\"https:\\\/\\\/www.instagram.com\\\/cancercentertec100\\\/\",\"https:\\\/\\\/www.youtube.com\\\/channel\\\/UCYadf0oSR1BKrlNYqWq2PvQ\",\"https:\\\/\\\/www.linkedin.com\\\/company\\\/cancer-center-tec-100\"]}]}<\/script>\n<!-- \/ Yoast SEO plugin. -->","yoast_head_json":{"title":"Inmunoterapia &#187; CANCER CENTER TEC 100","description":"La inmunoterapia es un tratamiento que utiliza el sistema inmunitario del cuerpo para combatir el c\u00e1ncer.\u00a0El sistema inmunitario est\u00e1 formado por c\u00e9lulas, \u00f3rganos y prote\u00ednas que ayudan a defender al cuerpo de las infecciones y otras enfermedades.","robots":{"index":"index","follow":"follow","max-snippet":"max-snippet:-1","max-image-preview":"max-image-preview:large","max-video-preview":"max-video-preview:-1"},"canonical":"https:\/\/cancercentertec100.com\/en\/inmunoterapia\/","og_locale":"en_US","og_type":"article","og_title":"Inmunoterapia &#187; CANCER CENTER TEC 100","og_description":"La inmunoterapia es un tratamiento que utiliza el sistema inmunitario del cuerpo para combatir el c\u00e1ncer.\u00a0El sistema inmunitario est\u00e1 formado por c\u00e9lulas, \u00f3rganos y prote\u00ednas que ayudan a defender al cuerpo de las infecciones y otras enfermedades.","og_url":"https:\/\/cancercentertec100.com\/en\/inmunoterapia\/","og_site_name":"CANCER CENTER TEC 100","article_publisher":"https:\/\/www.facebook.com\/CancerCenterTec100","article_modified_time":"2025-06-17T03:08:03+00:00","og_image":[{"width":400,"height":216,"url":"https:\/\/cancercentertec100.com\/wp-content\/uploads\/2025\/06\/LOGO-CCT-1.jpg","type":"image\/jpeg"}],"twitter_card":"summary_large_image","twitter_misc":{"Est. reading time":"2 minutes"},"schema":{"@context":"https:\/\/schema.org","@graph":[{"@type":"WebPage","@id":"https:\/\/cancercentertec100.com\/inmunoterapia\/","url":"https:\/\/cancercentertec100.com\/inmunoterapia\/","name":"Inmunoterapia &#187; CANCER CENTER TEC 100","isPartOf":{"@id":"https:\/\/cancercentertec100.com\/#website"},"datePublished":"2024-01-03T00:24:35+00:00","dateModified":"2025-06-17T03:08:03+00:00","description":"La inmunoterapia es un tratamiento que utiliza el sistema inmunitario del cuerpo para combatir el c\u00e1ncer.\u00a0El sistema inmunitario est\u00e1 formado por c\u00e9lulas, \u00f3rganos y prote\u00ednas que ayudan a defender al cuerpo de las infecciones y otras enfermedades.","breadcrumb":{"@id":"https:\/\/cancercentertec100.com\/inmunoterapia\/#breadcrumb"},"inLanguage":"en-US","potentialAction":[{"@type":"ReadAction","target":["https:\/\/cancercentertec100.com\/inmunoterapia\/"]}]},{"@type":"BreadcrumbList","@id":"https:\/\/cancercentertec100.com\/inmunoterapia\/#breadcrumb","itemListElement":[{"@type":"ListItem","position":1,"name":"Home","item":"https:\/\/cancercentertec100.com\/"},{"@type":"ListItem","position":2,"name":"Inmunoterapia"}]},{"@type":"WebSite","@id":"https:\/\/cancercentertec100.com\/#website","url":"https:\/\/cancercentertec100.com\/","name":"CANCER CENTER TEC 100","description":"Your best option for cancer treatment","publisher":{"@id":"https:\/\/cancercentertec100.com\/#organization"},"potentialAction":[{"@type":"SearchAction","target":{"@type":"EntryPoint","urlTemplate":"https:\/\/cancercentertec100.com\/?s={search_term_string}"},"query-input":{"@type":"PropertyValueSpecification","valueRequired":true,"valueName":"search_term_string"}}],"inLanguage":"en-US"},{"@type":"Organization","@id":"https:\/\/cancercentertec100.com\/#organization","name":"CANCER CENTER TEC 100","url":"https:\/\/cancercentertec100.com\/","logo":{"@type":"ImageObject","inLanguage":"en-US","@id":"https:\/\/cancercentertec100.com\/#\/schema\/logo\/image\/","url":"https:\/\/cancercentertec100.com\/wp-content\/uploads\/2024\/03\/LOGO-CCT-01.png","contentUrl":"https:\/\/cancercentertec100.com\/wp-content\/uploads\/2024\/03\/LOGO-CCT-01.png","width":3703,"height":2062,"caption":"CANCER CENTER TEC 100"},"image":{"@id":"https:\/\/cancercentertec100.com\/#\/schema\/logo\/image\/"},"sameAs":["https:\/\/www.facebook.com\/CancerCenterTec100","https:\/\/www.instagram.com\/cancercentertec100\/","https:\/\/www.youtube.com\/channel\/UCYadf0oSR1BKrlNYqWq2PvQ","https:\/\/www.linkedin.com\/company\/cancer-center-tec-100"]}]}},"_links":{"self":[{"href":"https:\/\/cancercentertec100.com\/en\/wp-json\/wp\/v2\/pages\/19259","targetHints":{"allow":["GET"]}}],"collection":[{"href":"https:\/\/cancercentertec100.com\/en\/wp-json\/wp\/v2\/pages"}],"about":[{"href":"https:\/\/cancercentertec100.com\/en\/wp-json\/wp\/v2\/types\/page"}],"author":[{"embeddable":true,"href":"https:\/\/cancercentertec100.com\/en\/wp-json\/wp\/v2\/users\/1"}],"replies":[{"embeddable":true,"href":"https:\/\/cancercentertec100.com\/en\/wp-json\/wp\/v2\/comments?post=19259"}],"version-history":[{"count":8,"href":"https:\/\/cancercentertec100.com\/en\/wp-json\/wp\/v2\/pages\/19259\/revisions"}],"predecessor-version":[{"id":20134,"href":"https:\/\/cancercentertec100.com\/en\/wp-json\/wp\/v2\/pages\/19259\/revisions\/20134"}],"wp:attachment":[{"href":"https:\/\/cancercentertec100.com\/en\/wp-json\/wp\/v2\/media?parent=19259"}],"curies":[{"name":"wp","href":"https:\/\/api.w.org\/{rel}","templated":true}]}}