{"id":19084,"date":"2023-12-13T23:55:44","date_gmt":"2023-12-13T23:55:44","guid":{"rendered":"https:\/\/cancercentertec100.com\/?page_id=19084"},"modified":"2026-01-08T20:25:38","modified_gmt":"2026-01-08T20:25:38","slug":"reconocimientos","status":"publish","type":"page","link":"https:\/\/cancercentertec100.com\/en\/reconocimientos\/","title":{"rendered":"Acknowledgments"},"content":{"rendered":"<div id=\"cmsmasters_row_b702c8c096\" class=\"cmsmasters_row cmsmasters_color_scheme_default cmsmasters_row_top_default cmsmasters_row_bot_default cmsmasters_row_boxed\">\n<div class=\"cmsmasters_row_outer_parent\">\n<div class=\"cmsmasters_row_outer\">\n<div class=\"cmsmasters_row_inner\">\n<div class=\"cmsmasters_row_margin\">\n<div id=\"cmsmasters_column_9273598686\" class=\"cmsmasters_column one_first\">\n<div class=\"cmsmasters_column_inner\"><\/div><\/div>\n<\/div>\n<\/div>\n<\/div>\n<\/div>\n<\/div>\n<div id=\"cmsmasters_row_5745f6210b\" class=\"cmsmasters_row cmsmasters_color_scheme_default cmsmasters_row_top_default cmsmasters_row_bot_default cmsmasters_row_boxed\">\n<div class=\"cmsmasters_row_outer_parent\">\n<div class=\"cmsmasters_row_outer\">\n<div class=\"cmsmasters_row_inner\">\n<div class=\"cmsmasters_row_margin\">\n<div id=\"cmsmasters_column_c495445925\" class=\"cmsmasters_column one_first\">\n<div class=\"cmsmasters_column_inner\"><div id=\"cmsmasters_heading_9f1b808005\" class=\"cmsmasters_heading_wrap cmsmasters_heading_align_center\">\n\t<h1 class=\"cmsmasters_heading\">Acknowledgments<\/h1>\n<\/div><div class=\"cmsmasters_text\">\n<h3 style=\"text-align: center;\">The quality of our services is endorsed by different institutions.<\/h3>\n<\/div>\n<\/div><\/div>\n<\/div>\n<\/div>\n<\/div>\n<\/div>\n<\/div>\n<div id=\"cmsmasters_row_ppnwyb3oj\" class=\"cmsmasters_row cmsmasters_color_scheme_default cmsmasters_row_top_default cmsmasters_row_bot_default cmsmasters_row_boxed\">\n<div class=\"cmsmasters_row_outer_parent\">\n<div class=\"cmsmasters_row_outer\">\n<div class=\"cmsmasters_row_inner\">\n<div class=\"cmsmasters_row_margin\">\n<div id=\"cmsmasters_column_cmpymhwija\" class=\"cmsmasters_column one_fourth\">\n<div class=\"cmsmasters_column_inner\"><div class=\"cmsmasters_img  cmsmasters_image_n\"><img decoding=\"async\" src=\"https:\/\/cancercentertec100.com\/wp-content\/uploads\/2026\/01\/rec-brecha-25.jpg\" \/><\/div>\n<div id=\"cmsmasters_divider_uav0r7i76\" class=\"cl\"><\/div>\n<div class=\"cmsmasters_text\">\n<h3><span style=\"color: #333399;\"><strong>Distintivo Sin Brecha 2025.<\/strong><\/span><\/h3>\n<p>Por tercer a\u00f1o consecutivo recibimos el Reconocimiento \u00abSin Brecha\u00bb otorgado por la La Secretaria del Trabajo de Quer\u00e9taro, por emplear buenas pr\u00e1cticas laborales, fomentar la igualdad y la no discriminaci\u00f3n en el \u00e1mbito laboral.<\/p>\n<\/div>\n<\/div><\/div>\n<div id=\"cmsmasters_column_s9cwxk315o\" class=\"cmsmasters_column one_fourth\">\n<div class=\"cmsmasters_column_inner\"><div class=\"cmsmasters_img  cmsmasters_image_n\"><img decoding=\"async\" src=\"https:\/\/cancercentertec100.com\/wp-content\/uploads\/2024\/12\/brecha_2024.jpg\" \/><\/div>\n<div id=\"cmsmasters_divider_to0rauywz\" class=\"cl\"><\/div>\n<div class=\"cmsmasters_text\">\n<h3><span style=\"color: #333399;\"><strong>Distintivo Sin Brecha 2024.<\/strong><\/span><\/h3>\n<p>La Secretaria del Trabajo otorga por segundo a\u00f1o consecutivo a CCT100, el reconocimiento \u201cSin Brecha\u201d, por emplear buenas pr\u00e1cticas laborales en pro de la equidad de genero, entre las buenas pr\u00e1cticas se distinguen las que empleamos con Balance L-Mental, el goce de 5 d\u00edas personales con goce de sueldo para atender las necesidades individuales de cada colaborador y colaboradora en CC, tambi\u00e9n, el goce de trabajo h\u00edbrido sin importar en sobrepasar el 40% del tiempo establecido por la ley, con estas 2 buenas pr\u00e1cticas buscamos ayudar a nuestros colaboradores y colaboradoras un balance entre su vida laboral y personal, esto, sin importar\u00a0el\u00a0g\u00e9nero.<\/p>\n<\/div>\n<\/div><\/div>\n<div id=\"cmsmasters_column_k4pvyydd5e\" class=\"cmsmasters_column one_fourth\">\n<div class=\"cmsmasters_column_inner\"><div class=\"cmsmasters_img  cmsmasters_image_n\"><img decoding=\"async\" src=\"https:\/\/cancercentertec100.com\/wp-content\/uploads\/2024\/10\/tusimo_medico2.jpg\" \/><\/div>\n<div id=\"cmsmasters_divider_izc3m6qa6m\" class=\"cl\"><\/div>\n<div class=\"cmsmasters_text\">\n<h3><span style=\"color: #333399;\"><strong>Distintivo Turismo M\u00e9dico.<\/strong><\/span><\/h3>\n<p>\u00a1Felicidades a Cancer Center Tec 100 por este merecido reconocimiento otorgado por Turismo M\u00e9dico y el Cluster de la Salud de Quer\u00e9taro!<\/p>\n<p>Es un logro significativo que refleja nuestro compromiso a la calidad y seguridad en la atenci\u00f3n al paciente, con nuestros 4 valores fundamentales:<br \/>\n\u00e9tica, empat\u00eda, dignidad y pasi\u00f3n.<br \/>\n\u00a1Sigamos adelante con nuestra excelente labor y misi\u00f3n!<\/p>\n<\/div>\n<\/div><\/div>\n<div id=\"cmsmasters_column_ey0kc05zkb\" class=\"cmsmasters_column one_fourth\">\n<div class=\"cmsmasters_column_inner\"><div class=\"aligncenter\"><div class=\"cmsmasters_img  cmsmasters_image_c\"><img decoding=\"async\" src=\"https:\/\/cancercentertec100.com\/wp-content\/uploads\/2023\/10\/impulsor.jpg\" \/><\/div><\/div>\n<div id=\"cmsmasters_divider_0ca7nijotq\" class=\"cl\"><\/div>\n<div class=\"cmsmasters_text\">\n<h3><span style=\"color: #333399;\"><strong>Establishment Promoting Patient Safety.<\/strong><\/span><\/h3>\n<p>We are recognized by the Ministry of Health of the State of Coahuila as an Establishment that promotes patient safety. This positions us as the only oncology center in the region certified in \u201cBasic Patient Safety Actions.\u201d Our main commitment is to patients.<\/p>\n<\/div>\n<\/div><\/div>\n<\/div>\n<\/div>\n<\/div>\n<\/div>\n<\/div>\n<div id=\"cmsmasters_row_mvyy0wt2m4\" class=\"cmsmasters_row cmsmasters_color_scheme_default cmsmasters_row_top_default cmsmasters_row_bot_default cmsmasters_row_boxed\">\n<div class=\"cmsmasters_row_outer_parent\">\n<div class=\"cmsmasters_row_outer\">\n<div class=\"cmsmasters_row_inner\">\n<div class=\"cmsmasters_row_margin\">\n<div id=\"cmsmasters_column_at386gyn2\" class=\"cmsmasters_column one_fourth\">\n<div class=\"cmsmasters_column_inner\"><div class=\"aligncenter\"><div class=\"cmsmasters_img  cmsmasters_image_c\"><img decoding=\"async\" src=\"https:\/\/cancercentertec100.com\/wp-content\/uploads\/2023\/10\/sin_brecha.jpg\" \/><\/div><\/div>\n<div id=\"cmsmasters_divider_xxjccahpom\" class=\"cl\"><\/div>\n<div class=\"cmsmasters_text\">\n<h3><span style=\"color: #333399;\"><strong>Distinctive Without Gap 2023. <\/strong><\/span><\/h3>\n<p>We were awarded the \u201cNo Gap\u201d Distinction by the Ministry of Labor of the State of Quer\u00e9taro. This distinction recognizes the efforts made in our organization so that there are no differences in the hiring and employment treatment of people regardless of their gender.<\/p>\n<\/div>\n<\/div><\/div>\n<div id=\"cmsmasters_column_9yp2g9uwg\" class=\"cmsmasters_column one_fourth\">\n<div class=\"cmsmasters_column_inner\"><div class=\"cmsmasters_img  cmsmasters_image_n\"><img decoding=\"async\" src=\"https:\/\/cancercentertec100.com\/wp-content\/uploads\/2024\/01\/reniecyt_2.jpg\" \/><\/div>\n<div id=\"cmsmasters_divider_s8ugc1yu3j\" class=\"cl\"><\/div>\n<div class=\"cmsmasters_text\">\n<h3><span style=\"color: #333399;\"><strong><span class=\"NormalTextRun SCXW152232254 BCX8\"><span class=\"TextRun SCXW148279419 BCX8\" lang=\"ES-ES\" xml:lang=\"ES-ES\" data-contrast=\"auto\"><span class=\"NormalTextRun SCXW148279419 BCX8\">National Registry of Scientific and Technological Institutions and Companies of CONA<\/span><\/span><span class=\"TextRun SCXW148279419 BCX8\" lang=\"ES-ES\" xml:lang=\"ES-ES\" data-contrast=\"none\"><span class=\"NormalTextRun SCXW148279419 BCX8\">H<\/span><\/span><span class=\"TextRun SCXW148279419 BCX8\" lang=\"ES-ES\" xml:lang=\"ES-ES\" data-contrast=\"auto\"><span class=\"NormalTextRun SCXW148279419 BCX8\">CYT<\/span><\/span><\/span>. <\/strong><\/span><\/h3>\n<p><span class=\"NormalTextRun SCXW265298437 BCX8\"><span class=\"NormalTextRun SCXW33819430 BCX8\">We are part of the RENIECYT of CONAHCYT with REGISTRATION number 2200002<\/span>.<\/span><\/p>\n<\/div>\n<\/div><\/div>\n<div id=\"cmsmasters_column_kdujdwloyp\" class=\"cmsmasters_column one_fourth\">\n<div class=\"cmsmasters_column_inner\"><div class=\"cmsmasters_img  cmsmasters_image_n\"><img decoding=\"async\" src=\"https:\/\/cancercentertec100.com\/wp-content\/uploads\/2024\/01\/mariana_s.jpg\" \/><\/div>\n<div id=\"cmsmasters_divider_fvg7ur5adq\" class=\"cl\"><\/div>\n<div class=\"cmsmasters_text\">\n<h3><span style=\"color: #333399;\"><strong>Dr. Mar\u00eda Sierra, researcher recognized by CONAHCYT <\/strong><\/span><\/h3>\n<p class=\"translation-block\">She is part of the Cancer Center Tec 100 specialists as a psycho-oncologist and head of research.<\/p>\n<\/div>\n<\/div><\/div>\n<div id=\"cmsmasters_column_078ly7owz\" class=\"cmsmasters_column one_fourth\">\n<div class=\"cmsmasters_column_inner\"><div class=\"cmsmasters_img  cmsmasters_image_n\"><img decoding=\"async\" src=\"https:\/\/cancercentertec100.com\/wp-content\/uploads\/2024\/02\/psicosis.jpg\" \/><\/div>\n<div id=\"cmsmasters_divider_7bpo09i7w\" class=\"cl\"><\/div>\n<div class=\"cmsmasters_text\">\n<h3><span style=\"color: #333399;\"><strong>Neuropsychiatric Genetics of Psychosis in the Mexican population (NEUROmex).<\/strong><\/span><\/h3>\n<p>We received the certificate of participation in the Neuropsychiatric Genetics of Psychosis in the Mexican population (NEUROmex) project, which seeks to understand the genetic structure of schizophrenia and bipolar disorder in Mexican citizens. Our goal is to offer specialized medicine to our patients in both cases. Health is our greatest commitment.<\/p>\n<\/div>\n<\/div><\/div>\n<\/div>\n<\/div>\n<\/div>\n<\/div>\n<\/div>\n<div id=\"cmsmasters_row_dg7b03x1as\" class=\"cmsmasters_row cmsmasters_color_scheme_default cmsmasters_row_top_default cmsmasters_row_bot_default cmsmasters_row_boxed\">\n<div class=\"cmsmasters_row_outer_parent\">\n<div class=\"cmsmasters_row_outer\">\n<div class=\"cmsmasters_row_inner\">\n<div class=\"cmsmasters_row_margin\">\n<div id=\"cmsmasters_column_fo5ucwg3ej\" class=\"cmsmasters_column one_third\">\n<div class=\"cmsmasters_column_inner\"><\/div><\/div>\n<div id=\"cmsmasters_column_tvd0fzgw6\" class=\"cmsmasters_column one_third\">\n<div class=\"cmsmasters_column_inner\"><div class=\"aligncenter\"><div class=\"cmsmasters_img  cmsmasters_image_c\"><a href=\"https:\/\/mr-centers.com\/\" target=\"_blank\"><img decoding=\"async\" src=\"https:\/\/cancercentertec100.com\/wp-content\/uploads\/2024\/10\/logo-Center-of-excellence.png\" \/><\/a><\/div><\/div>\n<\/div><\/div>\n<div id=\"cmsmasters_column_y8bt1by0tc\" class=\"cmsmasters_column one_third\">\n<div class=\"cmsmasters_column_inner\"><\/div><\/div>\n<\/div>\n<\/div>\n<\/div>\n<\/div>\n<\/div>","protected":false},"excerpt":{"rendered":"","protected":false},"author":1,"featured_media":0,"parent":0,"menu_order":0,"comment_status":"closed","ping_status":"closed","template":"","meta":{"footnotes":""},"class_list":["post-19084","page","type-page","status-publish","hentry"],"yoast_head":"<!-- This site is optimized with the Yoast SEO plugin v27.3 - https:\/\/yoast.com\/product\/yoast-seo-wordpress\/ -->\n<title>Reconocimientos &#187; CANCER CENTER TEC 100<\/title>\n<meta name=\"robots\" content=\"index, follow, max-snippet:-1, max-image-preview:large, max-video-preview:-1\" \/>\n<link rel=\"canonical\" href=\"https:\/\/cancercentertec100.com\/en\/reconocimientos\/\" \/>\n<meta property=\"og:locale\" content=\"en_US\" \/>\n<meta property=\"og:type\" content=\"article\" \/>\n<meta property=\"og:title\" content=\"Reconocimientos &#187; CANCER CENTER TEC 100\" \/>\n<meta property=\"og:url\" content=\"https:\/\/cancercentertec100.com\/en\/reconocimientos\/\" \/>\n<meta property=\"og:site_name\" content=\"CANCER CENTER TEC 100\" \/>\n<meta property=\"article:publisher\" content=\"https:\/\/www.facebook.com\/CancerCenterTec100\" \/>\n<meta property=\"article:modified_time\" content=\"2026-01-08T20:25:38+00:00\" \/>\n<meta property=\"og:image\" content=\"https:\/\/cancercentertec100.com\/wp-content\/uploads\/2025\/06\/LOGO-CCT-1.jpg\" \/>\n\t<meta property=\"og:image:width\" content=\"400\" \/>\n\t<meta property=\"og:image:height\" content=\"216\" \/>\n\t<meta property=\"og:image:type\" content=\"image\/jpeg\" \/>\n<meta name=\"twitter:card\" content=\"summary_large_image\" \/>\n<meta name=\"twitter:label1\" content=\"Est. reading time\" \/>\n\t<meta name=\"twitter:data1\" content=\"4 minutes\" \/>\n<script type=\"application\/ld+json\" class=\"yoast-schema-graph\">{\"@context\":\"https:\\\/\\\/schema.org\",\"@graph\":[{\"@type\":\"WebPage\",\"@id\":\"https:\\\/\\\/cancercentertec100.com\\\/reconocimientos\\\/\",\"url\":\"https:\\\/\\\/cancercentertec100.com\\\/reconocimientos\\\/\",\"name\":\"Reconocimientos &#187; CANCER CENTER TEC 100\",\"isPartOf\":{\"@id\":\"https:\\\/\\\/cancercentertec100.com\\\/#website\"},\"datePublished\":\"2023-12-13T23:55:44+00:00\",\"dateModified\":\"2026-01-08T20:25:38+00:00\",\"breadcrumb\":{\"@id\":\"https:\\\/\\\/cancercentertec100.com\\\/reconocimientos\\\/#breadcrumb\"},\"inLanguage\":\"en-US\",\"potentialAction\":[{\"@type\":\"ReadAction\",\"target\":[\"https:\\\/\\\/cancercentertec100.com\\\/reconocimientos\\\/\"]}]},{\"@type\":\"BreadcrumbList\",\"@id\":\"https:\\\/\\\/cancercentertec100.com\\\/reconocimientos\\\/#breadcrumb\",\"itemListElement\":[{\"@type\":\"ListItem\",\"position\":1,\"name\":\"Home\",\"item\":\"https:\\\/\\\/cancercentertec100.com\\\/\"},{\"@type\":\"ListItem\",\"position\":2,\"name\":\"Reconocimientos\"}]},{\"@type\":\"WebSite\",\"@id\":\"https:\\\/\\\/cancercentertec100.com\\\/#website\",\"url\":\"https:\\\/\\\/cancercentertec100.com\\\/\",\"name\":\"CANCER CENTER TEC 100\",\"description\":\"Tu mejor opci\u00f3n para el tratamiento del c\u00e1ncer.\",\"publisher\":{\"@id\":\"https:\\\/\\\/cancercentertec100.com\\\/#organization\"},\"potentialAction\":[{\"@type\":\"SearchAction\",\"target\":{\"@type\":\"EntryPoint\",\"urlTemplate\":\"https:\\\/\\\/cancercentertec100.com\\\/?s={search_term_string}\"},\"query-input\":{\"@type\":\"PropertyValueSpecification\",\"valueRequired\":true,\"valueName\":\"search_term_string\"}}],\"inLanguage\":\"en-US\"},{\"@type\":\"Organization\",\"@id\":\"https:\\\/\\\/cancercentertec100.com\\\/#organization\",\"name\":\"CANCER CENTER TEC 100\",\"url\":\"https:\\\/\\\/cancercentertec100.com\\\/\",\"logo\":{\"@type\":\"ImageObject\",\"inLanguage\":\"en-US\",\"@id\":\"https:\\\/\\\/cancercentertec100.com\\\/#\\\/schema\\\/logo\\\/image\\\/\",\"url\":\"https:\\\/\\\/cancercentertec100.com\\\/wp-content\\\/uploads\\\/2024\\\/03\\\/LOGO-CCT-01.png\",\"contentUrl\":\"https:\\\/\\\/cancercentertec100.com\\\/wp-content\\\/uploads\\\/2024\\\/03\\\/LOGO-CCT-01.png\",\"width\":3703,\"height\":2062,\"caption\":\"CANCER CENTER TEC 100\"},\"image\":{\"@id\":\"https:\\\/\\\/cancercentertec100.com\\\/#\\\/schema\\\/logo\\\/image\\\/\"},\"sameAs\":[\"https:\\\/\\\/www.facebook.com\\\/CancerCenterTec100\",\"https:\\\/\\\/www.instagram.com\\\/cancercentertec100\\\/\",\"https:\\\/\\\/www.youtube.com\\\/channel\\\/UCYadf0oSR1BKrlNYqWq2PvQ\",\"https:\\\/\\\/www.linkedin.com\\\/company\\\/cancer-center-tec-100\"]}]}<\/script>\n<!-- \/ Yoast SEO plugin. -->","yoast_head_json":{"title":"Reconocimientos &#187; CANCER CENTER TEC 100","robots":{"index":"index","follow":"follow","max-snippet":"max-snippet:-1","max-image-preview":"max-image-preview:large","max-video-preview":"max-video-preview:-1"},"canonical":"https:\/\/cancercentertec100.com\/en\/reconocimientos\/","og_locale":"en_US","og_type":"article","og_title":"Reconocimientos &#187; CANCER CENTER TEC 100","og_url":"https:\/\/cancercentertec100.com\/en\/reconocimientos\/","og_site_name":"CANCER CENTER TEC 100","article_publisher":"https:\/\/www.facebook.com\/CancerCenterTec100","article_modified_time":"2026-01-08T20:25:38+00:00","og_image":[{"width":400,"height":216,"url":"https:\/\/cancercentertec100.com\/wp-content\/uploads\/2025\/06\/LOGO-CCT-1.jpg","type":"image\/jpeg"}],"twitter_card":"summary_large_image","twitter_misc":{"Est. reading time":"4 minutes"},"schema":{"@context":"https:\/\/schema.org","@graph":[{"@type":"WebPage","@id":"https:\/\/cancercentertec100.com\/reconocimientos\/","url":"https:\/\/cancercentertec100.com\/reconocimientos\/","name":"Reconocimientos &#187; CANCER CENTER TEC 100","isPartOf":{"@id":"https:\/\/cancercentertec100.com\/#website"},"datePublished":"2023-12-13T23:55:44+00:00","dateModified":"2026-01-08T20:25:38+00:00","breadcrumb":{"@id":"https:\/\/cancercentertec100.com\/reconocimientos\/#breadcrumb"},"inLanguage":"en-US","potentialAction":[{"@type":"ReadAction","target":["https:\/\/cancercentertec100.com\/reconocimientos\/"]}]},{"@type":"BreadcrumbList","@id":"https:\/\/cancercentertec100.com\/reconocimientos\/#breadcrumb","itemListElement":[{"@type":"ListItem","position":1,"name":"Home","item":"https:\/\/cancercentertec100.com\/"},{"@type":"ListItem","position":2,"name":"Reconocimientos"}]},{"@type":"WebSite","@id":"https:\/\/cancercentertec100.com\/#website","url":"https:\/\/cancercentertec100.com\/","name":"CANCER CENTER TEC 100","description":"Your best option for cancer treatment","publisher":{"@id":"https:\/\/cancercentertec100.com\/#organization"},"potentialAction":[{"@type":"SearchAction","target":{"@type":"EntryPoint","urlTemplate":"https:\/\/cancercentertec100.com\/?s={search_term_string}"},"query-input":{"@type":"PropertyValueSpecification","valueRequired":true,"valueName":"search_term_string"}}],"inLanguage":"en-US"},{"@type":"Organization","@id":"https:\/\/cancercentertec100.com\/#organization","name":"CANCER CENTER TEC 100","url":"https:\/\/cancercentertec100.com\/","logo":{"@type":"ImageObject","inLanguage":"en-US","@id":"https:\/\/cancercentertec100.com\/#\/schema\/logo\/image\/","url":"https:\/\/cancercentertec100.com\/wp-content\/uploads\/2024\/03\/LOGO-CCT-01.png","contentUrl":"https:\/\/cancercentertec100.com\/wp-content\/uploads\/2024\/03\/LOGO-CCT-01.png","width":3703,"height":2062,"caption":"CANCER CENTER TEC 100"},"image":{"@id":"https:\/\/cancercentertec100.com\/#\/schema\/logo\/image\/"},"sameAs":["https:\/\/www.facebook.com\/CancerCenterTec100","https:\/\/www.instagram.com\/cancercentertec100\/","https:\/\/www.youtube.com\/channel\/UCYadf0oSR1BKrlNYqWq2PvQ","https:\/\/www.linkedin.com\/company\/cancer-center-tec-100"]}]}},"_links":{"self":[{"href":"https:\/\/cancercentertec100.com\/en\/wp-json\/wp\/v2\/pages\/19084","targetHints":{"allow":["GET"]}}],"collection":[{"href":"https:\/\/cancercentertec100.com\/en\/wp-json\/wp\/v2\/pages"}],"about":[{"href":"https:\/\/cancercentertec100.com\/en\/wp-json\/wp\/v2\/types\/page"}],"author":[{"embeddable":true,"href":"https:\/\/cancercentertec100.com\/en\/wp-json\/wp\/v2\/users\/1"}],"replies":[{"embeddable":true,"href":"https:\/\/cancercentertec100.com\/en\/wp-json\/wp\/v2\/comments?post=19084"}],"version-history":[{"count":18,"href":"https:\/\/cancercentertec100.com\/en\/wp-json\/wp\/v2\/pages\/19084\/revisions"}],"predecessor-version":[{"id":20333,"href":"https:\/\/cancercentertec100.com\/en\/wp-json\/wp\/v2\/pages\/19084\/revisions\/20333"}],"wp:attachment":[{"href":"https:\/\/cancercentertec100.com\/en\/wp-json\/wp\/v2\/media?parent=19084"}],"curies":[{"name":"wp","href":"https:\/\/api.w.org\/{rel}","templated":true}]}}